{"id":29556,"date":"2025-06-30T00:25:21","date_gmt":"2025-06-30T00:25:21","guid":{"rendered":"https:\/\/gomeseagonia.com\/product\/columbifungy\/"},"modified":"2025-06-30T00:25:21","modified_gmt":"2025-06-30T00:25:21","slug":"columbifungy","status":"publish","type":"product","link":"https:\/\/gomeseagonia.com\/es\/producto\/columbifungy\/","title":{"rendered":"COLUMBIFUNGY"},"content":{"rendered":"<p><strong>Latac COLUMBIFUNGY 500 ml.<\/strong> Suplemento antif\u00fangico y desinfectante para uso en palomas y aves, especialmente formulado para prevenir y tratar infecciones f\u00fangicas y mic\u00f3ticas.<\/p>\n<p>&nbsp;<\/p>\n<p><strong>INDICACIONES:<\/strong><\/p>\n<ul style=\"margin-top: 0.3em; margin-bottom: 0.3em; padding-left: 1.2em;\">\n<li>Prevenci\u00f3n y tratamiento de infecciones por hongos en las v\u00edas respiratorias<\/li>\n<li>Limpieza y protecci\u00f3n de patas y picos contra micosis<\/li>\n<li>Reducci\u00f3n de la propagaci\u00f3n de hongos en el palomar o instalaciones<\/li>\n<li>Uso recomendado en condiciones h\u00famedas o de mala higiene<\/li>\n<\/ul>\n<p><strong>MODO DE EMPLEO:<\/strong><\/p>\n<ul style=\"margin-top: 0.3em; margin-bottom: 0.3em; padding-left: 1.2em;\">\n<li>Diluir 10 ml de COLUMBIFUNGY en 2 L de agua potable o de limpieza<\/li>\n<li>Pulverizar directamente en zonas afectadas (patas, picos, ambiente)<\/li>\n<li>Aplicar 1\u20132 veces por semana o seg\u00fan indicaci\u00f3n veterinaria<\/li>\n<li>Evitar el contacto con ojos y mucosas<\/li>\n<\/ul>\n<p><strong>COMPOSICI\u00d3N:<\/strong><\/p>\n<ul style=\"margin-top: 0.3em; margin-bottom: 0.3em; padding-left: 1.2em;\">\n<li>Base acuosa con tensioactivos suaves<\/li>\n<li>Agentes antif\u00fangicos espec\u00edficos (no divulgados oficialmente)<\/li>\n<li>Conservantes adecuados para uso veterinario<\/li>\n<\/ul>\n<p><strong>ENVASE:<\/strong><\/p>\n<ul style=\"margin-top: 0.3em; margin-bottom: 0.3em; padding-left: 1.2em;\">\n<li>Botella l\u00edquida de 500 ml<\/li>\n<\/ul>\n","protected":false},"excerpt":{"rendered":"<p>Latac COLUMBIFUNGY 500 ml. Suplemento antif\u00fangico y desinfectante para uso en palomas y aves, especialmente formulado para prevenir y tratar infecciones f\u00fangicas y mic\u00f3ticas.<\/p>\n","protected":false},"featured_media":28942,"comment_status":"open","ping_status":"closed","template":"","meta":[],"product_brand":[253],"product_cat":[379,373,381],"product_tag":[419,433,449],"class_list":{"0":"post-29556","1":"product","2":"type-product","3":"status-publish","4":"has-post-thumbnail","6":"product_brand-latac","7":"product_cat-refuerzo-inmunologico","8":"product_cat-salud-general","9":"product_cat-sistema-respiratorio-es","10":"product_tag-estimulante-respiratorio","11":"product_tag-producto-liquido","12":"product_tag-refuerzo-inmunologico","13":"product_shipping_class-hasta-1-kg","15":"first","16":"instock","17":"taxable","18":"shipping-taxable","19":"purchasable","20":"product-type-simple"},"_links":{"self":[{"href":"https:\/\/gomeseagonia.com\/es\/wp-json\/wp\/v2\/product\/29556","targetHints":{"allow":["GET"]}}],"collection":[{"href":"https:\/\/gomeseagonia.com\/es\/wp-json\/wp\/v2\/product"}],"about":[{"href":"https:\/\/gomeseagonia.com\/es\/wp-json\/wp\/v2\/types\/product"}],"replies":[{"embeddable":true,"href":"https:\/\/gomeseagonia.com\/es\/wp-json\/wp\/v2\/comments?post=29556"}],"version-history":[{"count":0,"href":"https:\/\/gomeseagonia.com\/es\/wp-json\/wp\/v2\/product\/29556\/revisions"}],"wp:featuredmedia":[{"embeddable":true,"href":"https:\/\/gomeseagonia.com\/es\/wp-json\/wp\/v2\/media\/28942"}],"wp:attachment":[{"href":"https:\/\/gomeseagonia.com\/es\/wp-json\/wp\/v2\/media?parent=29556"}],"wp:term":[{"taxonomy":"product_brand","embeddable":true,"href":"https:\/\/gomeseagonia.com\/es\/wp-json\/wp\/v2\/product_brand?post=29556"},{"taxonomy":"product_cat","embeddable":true,"href":"https:\/\/gomeseagonia.com\/es\/wp-json\/wp\/v2\/product_cat?post=29556"},{"taxonomy":"product_tag","embeddable":true,"href":"https:\/\/gomeseagonia.com\/es\/wp-json\/wp\/v2\/product_tag?post=29556"}],"curies":[{"name":"wp","href":"https:\/\/api.w.org\/{rel}","templated":true}]}}