{"id":29552,"date":"2025-06-30T00:13:23","date_gmt":"2025-06-30T00:13:23","guid":{"rendered":"https:\/\/gomeseagonia.com\/product\/columbinet\/"},"modified":"2025-06-30T00:13:23","modified_gmt":"2025-06-30T00:13:23","slug":"columbinet","status":"publish","type":"product","link":"https:\/\/gomeseagonia.com\/es\/producto\/columbinet\/","title":{"rendered":"COLUMBINET"},"content":{"rendered":"<p><strong>Latac COLUMBINET 500 ml.<\/strong> Desinfectante l\u00edquido para uso externo en palomas y aves. Ideal para mantener la higiene de los espacios y prevenir infecciones cut\u00e1neas y parasitarias.<\/p>\n<p>&nbsp;<\/p>\n<p><strong>INDICACIONES:<\/strong><\/p>\n<ul style=\"margin-top: 0.3em; margin-bottom: 0.3em; padding-left: 1.2em;\">\n<li>Desinfecci\u00f3n de la piel y patas de las palomas<\/li>\n<li>Ayuda a controlar par\u00e1sitos externos e infecciones bacterianas<\/li>\n<li>Uso recomendado despu\u00e9s de vuelos, concursos o per\u00edodos de estr\u00e9s<\/li>\n<li>Ayuda a mantener condiciones higi\u00e9nicas ideales en el palomar<\/li>\n<\/ul>\n<p><strong>MODO DE EMPLEO:<\/strong><\/p>\n<ul style=\"margin-top: 0.3em; margin-bottom: 0.3em; padding-left: 1.2em;\">\n<li>Diluir 10 ml de COLUMBINET en 1 litro de agua<\/li>\n<li>Usar la soluci\u00f3n para lavar o pulverizar las zonas afectadas<\/li>\n<li>Evitar el contacto directo con los ojos o mucosas<\/li>\n<li>Aplicar 1 a 2 veces por semana o seg\u00fan sea necesario<\/li>\n<\/ul>\n<p><strong>COMPOSICI\u00d3N:<\/strong><\/p>\n<ul style=\"margin-top: 0.3em; margin-bottom: 0.3em; padding-left: 1.2em;\">\n<li>Base acuosa con compuestos antis\u00e9pticos y desinfectantes<\/li>\n<li>Incluye extractos naturales con acci\u00f3n protectora<\/li>\n<li>Contiene conservantes aprobados para uso veterinario<\/li>\n<\/ul>\n<p><strong>ENVASE:<\/strong><\/p>\n<ul style=\"margin-top: 0.3em; margin-bottom: 0.3em; padding-left: 1.2em;\">\n<li>Botella de 500 ml<\/li>\n<\/ul>\n","protected":false},"excerpt":{"rendered":"<p>Latac COLUMBINET 500 ml. Desinfectante l\u00edquido para uso externo en palomas y aves. Ideal para mantener la higiene de los espacios y prevenir infecciones cut\u00e1neas y parasitarias.<\/p>\n","protected":false},"featured_media":28948,"comment_status":"open","ping_status":"closed","template":"","meta":[],"product_brand":[253],"product_cat":[319,315,375,343,341,373],"product_tag":[443,433],"class_list":{"0":"post-29552","1":"product","2":"type-product","3":"status-publish","4":"has-post-thumbnail","6":"product_brand-latac","7":"product_cat-banos-y-aceites-para-pluma","8":"product_cat-cuidado-e-higiene","9":"product_cat-cuidado-ocular-e-higiene-es","10":"product_cat-desintoxicacion-y-limpieza","11":"product_cat-muda-y-condicion-del-plumaje","12":"product_cat-salud-general","13":"product_tag-post-carrera","14":"product_tag-producto-liquido","15":"product_shipping_class-hasta-1-kg","17":"first","18":"instock","19":"taxable","20":"shipping-taxable","21":"purchasable","22":"product-type-simple"},"_links":{"self":[{"href":"https:\/\/gomeseagonia.com\/es\/wp-json\/wp\/v2\/product\/29552","targetHints":{"allow":["GET"]}}],"collection":[{"href":"https:\/\/gomeseagonia.com\/es\/wp-json\/wp\/v2\/product"}],"about":[{"href":"https:\/\/gomeseagonia.com\/es\/wp-json\/wp\/v2\/types\/product"}],"replies":[{"embeddable":true,"href":"https:\/\/gomeseagonia.com\/es\/wp-json\/wp\/v2\/comments?post=29552"}],"version-history":[{"count":0,"href":"https:\/\/gomeseagonia.com\/es\/wp-json\/wp\/v2\/product\/29552\/revisions"}],"wp:featuredmedia":[{"embeddable":true,"href":"https:\/\/gomeseagonia.com\/es\/wp-json\/wp\/v2\/media\/28948"}],"wp:attachment":[{"href":"https:\/\/gomeseagonia.com\/es\/wp-json\/wp\/v2\/media?parent=29552"}],"wp:term":[{"taxonomy":"product_brand","embeddable":true,"href":"https:\/\/gomeseagonia.com\/es\/wp-json\/wp\/v2\/product_brand?post=29552"},{"taxonomy":"product_cat","embeddable":true,"href":"https:\/\/gomeseagonia.com\/es\/wp-json\/wp\/v2\/product_cat?post=29552"},{"taxonomy":"product_tag","embeddable":true,"href":"https:\/\/gomeseagonia.com\/es\/wp-json\/wp\/v2\/product_tag?post=29552"}],"curies":[{"name":"wp","href":"https:\/\/api.w.org\/{rel}","templated":true}]}}