{"id":29548,"date":"2025-06-15T23:39:09","date_gmt":"2025-06-15T23:39:09","guid":{"rendered":"https:\/\/gomeseagonia.com\/product\/respi-extract\/"},"modified":"2025-06-15T23:39:09","modified_gmt":"2025-06-15T23:39:09","slug":"respi-extract","status":"publish","type":"product","link":"https:\/\/gomeseagonia.com\/es\/producto\/respi-extract\/","title":{"rendered":"RESPI EXTRACT"},"content":{"rendered":"<p><strong>Pet Cup Pigeons \u2013 Respi Extract.<\/strong> Soluci\u00f3n l\u00edquida con 25 extractos vegetales para apoyo respiratorio e inmunol\u00f3gico. Para Palomas.<\/p>\n<p><strong>INDICACIONES:<\/strong><\/p>\n<ul>\n<li>Ayuda a mantener el palomar en excelentes condiciones durante todo el a\u00f1o<\/li>\n<li>Previene y controla enfermedades respiratorias en aves<\/li>\n<li>Fortalece el sistema inmunol\u00f3gico<\/li>\n<li>Especialmente \u00fatil en periodos de humedad o clima seco<\/li>\n<li>Basado en avances recientes en el uso terap\u00e9utico de compuestos vegetales<\/li>\n<\/ul>\n<p><strong>MODO DE EMPLEO:<\/strong><\/p>\n<ul>\n<li>Diluir 5 ml por cada 1 L de agua potable<\/li>\n<li>Con tiempo h\u00famedo: administrar durante 5\u20137 d\u00edas<\/li>\n<li>Con tiempo seco: administrar durante 2 d\u00edas antes del enceste<\/li>\n<li>Renovar la mezcla diariamente<\/li>\n<\/ul>\n<p><strong>COMPOSICI\u00d3N:<\/strong><\/p>\n<ul>\n<li>\u00c1cido c\u00edtrico<\/li>\n<li>Agua purificada<\/li>\n<li>Aromatizantes y compuestos fitog\u00e9nicos naturales<\/li>\n<li>Benzoato de sodio<\/li>\n<li>Cloruro de magnesio<\/li>\n<li>Cloruro de sodio<\/li>\n<li>Glicerol<\/li>\n<li>Propilenglicol<\/li>\n<li>Propionato de sodio<\/li>\n<li>Sorbato de potasio<\/li>\n<li>Sorbitol<\/li>\n<\/ul>\n<p><strong>CONSTITUYENTES ANAL\u00cdTICOS:<\/strong><\/p>\n<ul>\n<li>Humedad: 40,50%<\/li>\n<li>Prote\u00edna: 1,80%<\/li>\n<li>Fibra: 1,95%<\/li>\n<li>Cenizas: &lt;0,95%<\/li>\n<li>Grasa: 0,65%<\/li>\n<\/ul>\n<p><strong>ENVASE:<\/strong><\/p>\n<ul>\n<li>Frasco de 500 ml<\/li>\n<\/ul>\n","protected":false},"excerpt":{"rendered":"<p>Pet Cup Pigeons \u2013 Respi Extract. Soluci\u00f3n l\u00edquida con 25 extractos vegetales para apoyo respiratorio e inmunol\u00f3gico. Para Palomas.<\/p>\n","protected":false},"featured_media":28920,"comment_status":"open","ping_status":"closed","template":"","meta":[],"product_brand":[250],"product_cat":[329,379,327,373,381],"product_tag":[419,449],"class_list":{"0":"post-29548","1":"product","2":"type-product","3":"status-publish","4":"has-post-thumbnail","6":"product_brand-petcup","7":"product_cat-energia-y-resistencia","8":"product_cat-refuerzo-inmunologico","9":"product_cat-rendimiento-y-energia","10":"product_cat-salud-general","11":"product_cat-sistema-respiratorio-es","12":"product_tag-estimulante-respiratorio","13":"product_tag-refuerzo-inmunologico","14":"product_shipping_class-hasta-1-kg","16":"first","17":"outofstock","18":"taxable","19":"shipping-taxable","20":"purchasable","21":"product-type-simple"},"_links":{"self":[{"href":"https:\/\/gomeseagonia.com\/es\/wp-json\/wp\/v2\/product\/29548","targetHints":{"allow":["GET"]}}],"collection":[{"href":"https:\/\/gomeseagonia.com\/es\/wp-json\/wp\/v2\/product"}],"about":[{"href":"https:\/\/gomeseagonia.com\/es\/wp-json\/wp\/v2\/types\/product"}],"replies":[{"embeddable":true,"href":"https:\/\/gomeseagonia.com\/es\/wp-json\/wp\/v2\/comments?post=29548"}],"version-history":[{"count":0,"href":"https:\/\/gomeseagonia.com\/es\/wp-json\/wp\/v2\/product\/29548\/revisions"}],"wp:featuredmedia":[{"embeddable":true,"href":"https:\/\/gomeseagonia.com\/es\/wp-json\/wp\/v2\/media\/28920"}],"wp:attachment":[{"href":"https:\/\/gomeseagonia.com\/es\/wp-json\/wp\/v2\/media?parent=29548"}],"wp:term":[{"taxonomy":"product_brand","embeddable":true,"href":"https:\/\/gomeseagonia.com\/es\/wp-json\/wp\/v2\/product_brand?post=29548"},{"taxonomy":"product_cat","embeddable":true,"href":"https:\/\/gomeseagonia.com\/es\/wp-json\/wp\/v2\/product_cat?post=29548"},{"taxonomy":"product_tag","embeddable":true,"href":"https:\/\/gomeseagonia.com\/es\/wp-json\/wp\/v2\/product_tag?post=29548"}],"curies":[{"name":"wp","href":"https:\/\/api.w.org\/{rel}","templated":true}]}}