{"id":29463,"date":"2025-06-15T22:31:50","date_gmt":"2025-06-15T22:31:50","guid":{"rendered":"https:\/\/gomeseagonia.com\/product\/aminovit\/"},"modified":"2025-06-15T22:31:50","modified_gmt":"2025-06-15T22:31:50","slug":"aminovit","status":"publish","type":"product","link":"https:\/\/gomeseagonia.com\/es\/producto\/aminovit\/","title":{"rendered":"AMINOVIT"},"content":{"rendered":"<p><strong>Herbots Aminovit.<\/strong> Preparado l\u00edquido a base de 21 amino\u00e1cidos de alta calidad. Dise\u00f1ado para mejorar la condici\u00f3n f\u00edsica de las palomas de competici\u00f3n.<\/p>\n<p><strong>INDICACIONES:<\/strong><\/p>\n<ul>\n<li>Apoya los sistemas muscular, nervioso y esquel\u00e9tico<\/li>\n<li>Favorece el desarrollo muscular, la fuerza y la recuperaci\u00f3n tras el esfuerzo<\/li>\n<li>Mejora la condici\u00f3n general antes de pruebas de velocidad, medio fondo y gran fondo<\/li>\n<li>F\u00f3rmula compacta y equilibrada con una dosificaci\u00f3n cient\u00edfica para m\u00e1xima eficacia<\/li>\n<\/ul>\n<p><strong>MODO DE USO:<\/strong><\/p>\n<ul>\n<li>1 cucharada (\u224815\u202fml) por 1\u202fL de agua o por 1\u202fkg de alimento<\/li>\n<li>Pruebas de velocidad y medio fondo: aplicar el 3.\u00ba d\u00eda y el \u00faltimo d\u00eda antes del enceste<\/li>\n<li>Pruebas de fondo\/gran fondo: aplicar durante los 3 d\u00edas previos al enceste<\/li>\n<\/ul>\n<p><strong>COMPOSICI\u00d3N:<\/strong><\/p>\n<ul>\n<li>21 amino\u00e1cidos de alta calidad<\/li>\n<li>Glucosa, cloruros de calcio, magnesio, potasio y sodio<\/li>\n<li>Vitaminas B1, B2, B5, B6, Niacinamida y Vitamina C<\/li>\n<\/ul>\n<p><strong>ENVASE:<\/strong><\/p>\n<ul>\n<li>Botella de 1\u202flitro<\/li>\n<\/ul>\n","protected":false},"excerpt":{"rendered":"<p>Herbots Aminovit. Preparado l\u00edquido a base de 21 amino\u00e1cidos de alta calidad. Dise\u00f1ado para mejorar la condici\u00f3n f\u00edsica de las palomas de competici\u00f3n.<\/p>\n","protected":false},"featured_media":28924,"comment_status":"open","ping_status":"closed","template":"","meta":[],"product_brand":[251],"product_cat":[331,333,327],"product_tag":[441,433],"class_list":{"0":"post-29463","1":"product","2":"type-product","3":"status-publish","4":"has-post-thumbnail","6":"product_brand-herbots","7":"product_cat-estimulante-muscular-y-proteico","8":"product_cat-preparacion-previa-a-la-carrera","9":"product_cat-rendimiento-y-energia","10":"product_tag-pre-carrera","11":"product_tag-producto-liquido","12":"product_shipping_class-1-2kg-es","14":"first","15":"instock","16":"taxable","17":"shipping-taxable","18":"purchasable","19":"product-type-simple"},"_links":{"self":[{"href":"https:\/\/gomeseagonia.com\/es\/wp-json\/wp\/v2\/product\/29463","targetHints":{"allow":["GET"]}}],"collection":[{"href":"https:\/\/gomeseagonia.com\/es\/wp-json\/wp\/v2\/product"}],"about":[{"href":"https:\/\/gomeseagonia.com\/es\/wp-json\/wp\/v2\/types\/product"}],"replies":[{"embeddable":true,"href":"https:\/\/gomeseagonia.com\/es\/wp-json\/wp\/v2\/comments?post=29463"}],"version-history":[{"count":0,"href":"https:\/\/gomeseagonia.com\/es\/wp-json\/wp\/v2\/product\/29463\/revisions"}],"wp:featuredmedia":[{"embeddable":true,"href":"https:\/\/gomeseagonia.com\/es\/wp-json\/wp\/v2\/media\/28924"}],"wp:attachment":[{"href":"https:\/\/gomeseagonia.com\/es\/wp-json\/wp\/v2\/media?parent=29463"}],"wp:term":[{"taxonomy":"product_brand","embeddable":true,"href":"https:\/\/gomeseagonia.com\/es\/wp-json\/wp\/v2\/product_brand?post=29463"},{"taxonomy":"product_cat","embeddable":true,"href":"https:\/\/gomeseagonia.com\/es\/wp-json\/wp\/v2\/product_cat?post=29463"},{"taxonomy":"product_tag","embeddable":true,"href":"https:\/\/gomeseagonia.com\/es\/wp-json\/wp\/v2\/product_tag?post=29463"}],"curies":[{"name":"wp","href":"https:\/\/api.w.org\/{rel}","templated":true}]}}