{"id":29459,"date":"2025-06-15T22:04:24","date_gmt":"2025-06-15T22:04:24","guid":{"rendered":"https:\/\/gomeseagonia.com\/product\/optimix\/"},"modified":"2025-06-15T22:04:24","modified_gmt":"2025-06-15T22:04:24","slug":"optimix","status":"publish","type":"product","link":"https:\/\/gomeseagonia.com\/es\/producto\/optimix\/","title":{"rendered":"OPTIMIX"},"content":{"rendered":"<p><strong>Herbots Optimix.<\/strong> Suplemento mineral completo con vitaminas y amino\u00e1cidos para palomas.<\/p>\n<p><strong>INDICACIONES:<\/strong><\/p>\n<ul>\n<li>Suplemento ideal durante el emparejamiento, la cr\u00eda, la muda y la temporada de concursos<\/li>\n<li>Fortalece el sistema inmunol\u00f3gico y mejora la condici\u00f3n f\u00edsica general<\/li>\n<li>Estimula el crecimiento de los pichones y mejora la calidad del plumaje<\/li>\n<li>Refuerza la estructura \u00f3sea y contribuye a una c\u00e1scara de huevo m\u00e1s resistente<\/li>\n<\/ul>\n<p><strong>MODO DE USO:<\/strong><\/p>\n<ul>\n<li>Administrar 1 a 2 cucharadas por kg de alimento<\/li>\n<li>Se recomienda humedecer los granos con aceite (por ejemplo, Herbots Oil) antes de aplicar Optimix<\/li>\n<li>Durante todo el a\u00f1o: 2 a 3 veces por semana<\/li>\n<\/ul>\n<p><strong>COMPOSICI\u00d3N:<\/strong><\/p>\n<ul>\n<li>Vitaminas: A, D3, E, K3, B1, B2, B6, B12, C<\/li>\n<li>\u00c1cido f\u00f3lico, biotina, niacina<\/li>\n<li>Minerales: calcio, f\u00f3sforo, sodio, magnesio, zinc, hierro, cobre, manganeso, yodo, selenio<\/li>\n<li>Amino\u00e1cidos esenciales (lisina, metionina, treonina, etc.)<\/li>\n<\/ul>\n<p><strong>ENVASE:<\/strong><\/p>\n<ul>\n<li>Bote de 1\u202fkg<\/li>\n<\/ul>\n","protected":false},"excerpt":{"rendered":"<p>Herbots Optimix. Suplemento mineral completo con vitaminas y amino\u00e1cidos para palomas.<\/p>\n","protected":false},"featured_media":28926,"comment_status":"open","ping_status":"closed","template":"","meta":[],"product_brand":[251],"product_cat":[305,307,341,379,347,373,313],"product_tag":[413,431,449],"class_list":{"0":"post-29459","1":"product","2":"type-product","3":"status-publish","4":"has-post-thumbnail","6":"product_brand-herbots","7":"product_cat-cria-y-desarrollo","8":"product_cat-cria-y-reproduccion","9":"product_cat-muda-y-condicion-del-plumaje","10":"product_cat-refuerzo-inmunologico","11":"product_cat-salud-del-plumaje","12":"product_cat-salud-general","13":"product_cat-soporte-oseo-y-calcio","14":"product_tag-condicion-general","15":"product_tag-plumas-y-muda","16":"product_tag-refuerzo-inmunologico","17":"product_shipping_class-1-2kg-es","18":"pa_peso-1-kg-es","20":"first","21":"instock","22":"taxable","23":"shipping-taxable","24":"purchasable","25":"product-type-simple"},"_links":{"self":[{"href":"https:\/\/gomeseagonia.com\/es\/wp-json\/wp\/v2\/product\/29459","targetHints":{"allow":["GET"]}}],"collection":[{"href":"https:\/\/gomeseagonia.com\/es\/wp-json\/wp\/v2\/product"}],"about":[{"href":"https:\/\/gomeseagonia.com\/es\/wp-json\/wp\/v2\/types\/product"}],"replies":[{"embeddable":true,"href":"https:\/\/gomeseagonia.com\/es\/wp-json\/wp\/v2\/comments?post=29459"}],"version-history":[{"count":0,"href":"https:\/\/gomeseagonia.com\/es\/wp-json\/wp\/v2\/product\/29459\/revisions"}],"wp:featuredmedia":[{"embeddable":true,"href":"https:\/\/gomeseagonia.com\/es\/wp-json\/wp\/v2\/media\/28926"}],"wp:attachment":[{"href":"https:\/\/gomeseagonia.com\/es\/wp-json\/wp\/v2\/media?parent=29459"}],"wp:term":[{"taxonomy":"product_brand","embeddable":true,"href":"https:\/\/gomeseagonia.com\/es\/wp-json\/wp\/v2\/product_brand?post=29459"},{"taxonomy":"product_cat","embeddable":true,"href":"https:\/\/gomeseagonia.com\/es\/wp-json\/wp\/v2\/product_cat?post=29459"},{"taxonomy":"product_tag","embeddable":true,"href":"https:\/\/gomeseagonia.com\/es\/wp-json\/wp\/v2\/product_tag?post=29459"}],"curies":[{"name":"wp","href":"https:\/\/api.w.org\/{rel}","templated":true}]}}