{"id":29411,"date":"2025-06-14T00:01:10","date_gmt":"2025-06-14T00:01:10","guid":{"rendered":"https:\/\/gomeseagonia.com\/product\/29411\/"},"modified":"2025-07-26T18:53:36","modified_gmt":"2025-07-26T18:53:36","slug":"29411","status":"publish","type":"product","link":"https:\/\/gomeseagonia.com\/es\/producto\/29411\/","title":{"rendered":""},"content":{"rendered":"<p><strong>Echipropys BVP \u2013 Belgavet<\/strong><br \/>\nSuplemento l\u00edquido natural a base de equin\u00e1cea y prop\u00f3leos, dise\u00f1ado para aumentar la resistencia y fortalecer el sistema inmunol\u00f3gico de las palomas.<\/p>\n<p>&nbsp;<\/p>\n<p><strong>INDICACIONES:<\/strong><\/p>\n<ul>\n<li>Aumenta la resistencia natural y la inmunidad<\/li>\n<li>Ayuda a reforzar las defensas org\u00e1nicas durante per\u00edodos de esfuerzo f\u00edsico<\/li>\n<li>Ideal para uso preventivo o durante fases de estr\u00e9s<\/li>\n<\/ul>\n<p><strong>MODO DE EMPLEO:<\/strong><\/p>\n<ul>\n<li><strong>Tratamiento intensivo<\/strong>: 5\u202fml por 1\u202fL de agua o 10\u202fml por 1\u202fkg de granos durante 14 d\u00edas consecutivos<\/li>\n<li><strong>Uso preventivo<\/strong>: 5\u202fml por 1\u202fL de agua, 2 d\u00edas por semana<\/li>\n<\/ul>\n<p><strong>COMPOSICI\u00d3N:<\/strong><\/p>\n<ul>\n<li>Equin\u00e1cea<\/li>\n<li>Prop\u00f3leos<\/li>\n<li>Excipientes l\u00edquidos no especificados<\/li>\n<\/ul>\n<p><strong>ENVASE:<\/strong><\/p>\n<ul>\n<li>Frasco de 150\u202fml<\/li>\n<\/ul>\n","protected":false},"excerpt":{"rendered":"<p class=\"p1\"><span class=\"s1\">Belgavet Echipropys BVP.<\/span> Producto 100\u202f% natural a base de equin\u00e1cea y prop\u00f3leos. Refuerza la resistencia y la inmunidad de las palomas.<\/p>\n","protected":false},"featured_media":28776,"comment_status":"open","ping_status":"closed","template":"","meta":[],"product_brand":[75],"product_cat":[379,373],"product_tag":[399,403,449],"class_list":{"0":"post-29411","1":"product","2":"type-product","3":"status-publish","4":"has-post-thumbnail","6":"product_brand-belgavet","7":"product_cat-refuerzo-inmunologico","8":"product_cat-salud-general","9":"product_tag-con-minerales","10":"product_tag-with-propolis-es","11":"product_tag-refuerzo-inmunologico","12":"product_shipping_class-hasta-1-kg","14":"first","15":"instock","16":"taxable","17":"shipping-taxable","18":"purchasable","19":"product-type-simple"},"_links":{"self":[{"href":"https:\/\/gomeseagonia.com\/es\/wp-json\/wp\/v2\/product\/29411","targetHints":{"allow":["GET"]}}],"collection":[{"href":"https:\/\/gomeseagonia.com\/es\/wp-json\/wp\/v2\/product"}],"about":[{"href":"https:\/\/gomeseagonia.com\/es\/wp-json\/wp\/v2\/types\/product"}],"replies":[{"embeddable":true,"href":"https:\/\/gomeseagonia.com\/es\/wp-json\/wp\/v2\/comments?post=29411"}],"version-history":[{"count":2,"href":"https:\/\/gomeseagonia.com\/es\/wp-json\/wp\/v2\/product\/29411\/revisions"}],"predecessor-version":[{"id":29676,"href":"https:\/\/gomeseagonia.com\/es\/wp-json\/wp\/v2\/product\/29411\/revisions\/29676"}],"wp:featuredmedia":[{"embeddable":true,"href":"https:\/\/gomeseagonia.com\/es\/wp-json\/wp\/v2\/media\/28776"}],"wp:attachment":[{"href":"https:\/\/gomeseagonia.com\/es\/wp-json\/wp\/v2\/media?parent=29411"}],"wp:term":[{"taxonomy":"product_brand","embeddable":true,"href":"https:\/\/gomeseagonia.com\/es\/wp-json\/wp\/v2\/product_brand?post=29411"},{"taxonomy":"product_cat","embeddable":true,"href":"https:\/\/gomeseagonia.com\/es\/wp-json\/wp\/v2\/product_cat?post=29411"},{"taxonomy":"product_tag","embeddable":true,"href":"https:\/\/gomeseagonia.com\/es\/wp-json\/wp\/v2\/product_tag?post=29411"}],"curies":[{"name":"wp","href":"https:\/\/api.w.org\/{rel}","templated":true}]}}