{"id":29397,"date":"2025-05-23T22:18:57","date_gmt":"2025-05-23T22:18:57","guid":{"rendered":"https:\/\/gomeseagonia.com\/product\/biceptorax-bvp\/"},"modified":"2025-07-26T16:44:06","modified_gmt":"2025-07-26T16:44:06","slug":"biceptorax-bvp","status":"publish","type":"product","link":"https:\/\/gomeseagonia.com\/es\/producto\/biceptorax-bvp\/","title":{"rendered":"BICEPTORAX BVP"},"content":{"rendered":"<h5>Belgavet Biceptorax (amino\u00e1cidos) para palomas.<\/h5>\n<p>&nbsp;<\/p>\n<p><strong>INDICACIONES:<\/strong><\/p>\n<ul>\n<li>Producto compuesto por un 99% de prote\u00ednas puras, totalmente digeribles.<\/li>\n<li>Favorece la recuperaci\u00f3n, proporciona m\u00e1s fuerza, resistencia y concentraci\u00f3n a las palomas.<\/li>\n<li>Tambi\u00e9n promueve un mejor desarrollo muscular durante el ejercicio.<\/li>\n<\/ul>\n<p>&nbsp;<\/p>\n<p><strong>MODO DE USO:<\/strong><\/p>\n<ul>\n<li>5 g por 1 kg de grano.<\/li>\n<li><strong>CR\u00cdA: <\/strong>3 veces por semana desde la colocaci\u00f3n de la anilla en los pichones<\/li>\n<li><strong>VUELO: <\/strong>2 a 3 d\u00edas antes del enceste<\/li>\n<li><strong>RECUPERACI\u00d3N: <\/strong>durante 2 d\u00edas despu\u00e9s del regreso<\/li>\n<\/ul>\n<p>&nbsp;<\/p>\n<p><strong>ENVASE:<\/strong><\/p>\n<ul>\n<li>200 g<\/li>\n<\/ul>\n","protected":false},"excerpt":{"rendered":"<p>Belgavet Biceptorax (amino\u00e1cidos) para palomas. Rendimiento elevado, 100% natural<\/p>\n<p>&nbsp;<\/p>\n","protected":false},"featured_media":28900,"comment_status":"open","ping_status":"closed","template":"","meta":[],"product_brand":[75],"product_cat":[331,327],"product_tag":[614],"class_list":{"0":"post-29397","1":"product","2":"type-product","3":"status-publish","4":"has-post-thumbnail","6":"product_brand-belgavet","7":"product_cat-estimulante-muscular-y-proteico","8":"product_cat-rendimiento-y-energia","9":"product_tag-apoyo-muscular-es","10":"product_shipping_class-hasta-1-kg","11":"pa_peso-200g-es","13":"first","14":"instock","15":"taxable","16":"shipping-taxable","17":"purchasable","18":"product-type-simple"},"_links":{"self":[{"href":"https:\/\/gomeseagonia.com\/es\/wp-json\/wp\/v2\/product\/29397","targetHints":{"allow":["GET"]}}],"collection":[{"href":"https:\/\/gomeseagonia.com\/es\/wp-json\/wp\/v2\/product"}],"about":[{"href":"https:\/\/gomeseagonia.com\/es\/wp-json\/wp\/v2\/types\/product"}],"replies":[{"embeddable":true,"href":"https:\/\/gomeseagonia.com\/es\/wp-json\/wp\/v2\/comments?post=29397"}],"version-history":[{"count":1,"href":"https:\/\/gomeseagonia.com\/es\/wp-json\/wp\/v2\/product\/29397\/revisions"}],"predecessor-version":[{"id":29660,"href":"https:\/\/gomeseagonia.com\/es\/wp-json\/wp\/v2\/product\/29397\/revisions\/29660"}],"wp:featuredmedia":[{"embeddable":true,"href":"https:\/\/gomeseagonia.com\/es\/wp-json\/wp\/v2\/media\/28900"}],"wp:attachment":[{"href":"https:\/\/gomeseagonia.com\/es\/wp-json\/wp\/v2\/media?parent=29397"}],"wp:term":[{"taxonomy":"product_brand","embeddable":true,"href":"https:\/\/gomeseagonia.com\/es\/wp-json\/wp\/v2\/product_brand?post=29397"},{"taxonomy":"product_cat","embeddable":true,"href":"https:\/\/gomeseagonia.com\/es\/wp-json\/wp\/v2\/product_cat?post=29397"},{"taxonomy":"product_tag","embeddable":true,"href":"https:\/\/gomeseagonia.com\/es\/wp-json\/wp\/v2\/product_tag?post=29397"}],"curies":[{"name":"wp","href":"https:\/\/api.w.org\/{rel}","templated":true}]}}