{"id":29396,"date":"2025-06-13T23:46:54","date_gmt":"2025-06-13T23:46:54","guid":{"rendered":"https:\/\/gomeseagonia.com\/product\/elekrolyte-bird-bvp\/"},"modified":"2025-07-13T21:26:30","modified_gmt":"2025-07-13T21:26:30","slug":"elekrolyte-bird-bvp","status":"publish","type":"product","link":"https:\/\/gomeseagonia.com\/es\/producto\/elekrolyte-bird-bvp\/","title":{"rendered":"ELEKROLYTE BIRD BVP"},"content":{"rendered":"<p><strong>Belgavet Elektrolyte Liquid Bird BVP.<\/strong> T\u00f3nico l\u00edquido de electrolitos y glucosa. Para palomas y aves en recuperaci\u00f3n o hidrataci\u00f3n.<\/p>\n<p><strong>INDICACIONES:<\/strong><\/p>\n<ul>\n<li>Promueve la hidrataci\u00f3n equilibrada de tejidos y \u00f3rganos para prevenir la deshidrataci\u00f3n<\/li>\n<li>Ideal para trastornos intestinales<\/li>\n<li>Ayuda a eliminar toxinas acumuladas<\/li>\n<li>Facilita la recuperaci\u00f3n tras pruebas o vuelos intensos<\/li>\n<\/ul>\n<p><strong>MODO DE USO:<\/strong><\/p>\n<ul>\n<li>Administrar 15 ml por cada 1 L de agua potable<\/li>\n<li>Utilizar en el d\u00eda del transporte, d\u00eda de la competici\u00f3n o a la llegada<\/li>\n<\/ul>\n<p><strong>COMPOSICI\u00d3N:<\/strong><\/p>\n<ul>\n<li>Electrolitos (sales y minerales)<\/li>\n<li>Glucosa<\/li>\n<\/ul>\n<p><strong>ENVASE:<\/strong><\/p>\n<ul>\n<li>Botella de 250 ml<\/li>\n<\/ul>\n","protected":false},"excerpt":{"rendered":"<p>Belgavet Elektrolyte Liquid Bird BVP. T\u00f3nico l\u00edquido de electrolitos y glucosa. Para palomas y aves en recuperaci\u00f3n o hidrataci\u00f3n.<\/p>\n","protected":false},"featured_media":28782,"comment_status":"open","ping_status":"closed","template":"","meta":[],"product_brand":[75],"product_cat":[335,327],"product_tag":[399,441,445],"class_list":{"0":"post-29396","1":"product","2":"type-product","3":"status-publish","4":"has-post-thumbnail","6":"product_brand-belgavet","7":"product_cat-recuperacion-post-carrera","8":"product_cat-rendimiento-y-energia","9":"product_tag-con-minerales","10":"product_tag-pre-carrera","11":"product_tag-recuperacion","12":"product_shipping_class-hasta-1-kg","14":"first","15":"outofstock","16":"taxable","17":"shipping-taxable","18":"purchasable","19":"product-type-simple"},"_links":{"self":[{"href":"https:\/\/gomeseagonia.com\/es\/wp-json\/wp\/v2\/product\/29396","targetHints":{"allow":["GET"]}}],"collection":[{"href":"https:\/\/gomeseagonia.com\/es\/wp-json\/wp\/v2\/product"}],"about":[{"href":"https:\/\/gomeseagonia.com\/es\/wp-json\/wp\/v2\/types\/product"}],"replies":[{"embeddable":true,"href":"https:\/\/gomeseagonia.com\/es\/wp-json\/wp\/v2\/comments?post=29396"}],"version-history":[{"count":1,"href":"https:\/\/gomeseagonia.com\/es\/wp-json\/wp\/v2\/product\/29396\/revisions"}],"predecessor-version":[{"id":29539,"href":"https:\/\/gomeseagonia.com\/es\/wp-json\/wp\/v2\/product\/29396\/revisions\/29539"}],"wp:featuredmedia":[{"embeddable":true,"href":"https:\/\/gomeseagonia.com\/es\/wp-json\/wp\/v2\/media\/28782"}],"wp:attachment":[{"href":"https:\/\/gomeseagonia.com\/es\/wp-json\/wp\/v2\/media?parent=29396"}],"wp:term":[{"taxonomy":"product_brand","embeddable":true,"href":"https:\/\/gomeseagonia.com\/es\/wp-json\/wp\/v2\/product_brand?post=29396"},{"taxonomy":"product_cat","embeddable":true,"href":"https:\/\/gomeseagonia.com\/es\/wp-json\/wp\/v2\/product_cat?post=29396"},{"taxonomy":"product_tag","embeddable":true,"href":"https:\/\/gomeseagonia.com\/es\/wp-json\/wp\/v2\/product_tag?post=29396"}],"curies":[{"name":"wp","href":"https:\/\/api.w.org\/{rel}","templated":true}]}}