{"id":29393,"date":"2025-06-13T23:51:15","date_gmt":"2025-06-13T23:51:15","guid":{"rendered":"https:\/\/gomeseagonia.com\/product\/electroliten-bvp\/"},"modified":"2025-07-13T21:24:22","modified_gmt":"2025-07-13T21:24:22","slug":"electroliten-bvp","status":"publish","type":"product","link":"https:\/\/gomeseagonia.com\/es\/producto\/electroliten-bvp\/","title":{"rendered":"ELECTROLITEN BVP"},"content":{"rendered":"<p><strong>Belgavet Electroliten BVP.<\/strong> Suplemento concentrado de electrolitos y vitaminas para recuperaci\u00f3n f\u00edsica y eliminaci\u00f3n de toxinas. Para palomas de competici\u00f3n.<\/p>\n<p><strong>INDICACIONES:<\/strong><\/p>\n<ul>\n<li>Ayuda a eliminar toxinas acumuladas en el organismo<\/li>\n<li>Acelera el proceso de recuperaci\u00f3n tras el esfuerzo f\u00edsico<\/li>\n<li>Refuerza la absorci\u00f3n de l\u00edquidos y minerales<\/li>\n<li>Reabastece los minerales perdidos durante los vuelos<\/li>\n<li>Esencial tras pruebas exigentes o per\u00edodos de deshidrataci\u00f3n<\/li>\n<\/ul>\n<p><strong>MODO DE USO:<\/strong><\/p>\n<ul>\n<li>Disolver 5 g por cada 2 litros de agua potable<\/li>\n<li>Administrar a la llegada de los vuelos o en per\u00edodos de esfuerzo intenso<\/li>\n<\/ul>\n<p><strong>COMPOSICI\u00d3N:<\/strong><\/p>\n<ul>\n<li>Sodio<\/li>\n<li>Magnesio<\/li>\n<li>Sorbitol<\/li>\n<li>Metionina<\/li>\n<li>Vitamina A<\/li>\n<li>Vitamina C<\/li>\n<li>Vitamina B1<\/li>\n<li>Vitamina B2<\/li>\n<li>Vitamina B3<\/li>\n<li>Vitamina B5<\/li>\n<li>Vitamina B6<\/li>\n<li>Vitamina D3<\/li>\n<\/ul>\n<p><strong>ENVASE:<\/strong><\/p>\n<ul>\n<li>Envase de 400 g o 2 kg<\/li>\n<\/ul>\n","protected":false},"excerpt":{"rendered":"<p>Belgavet Electroliten BVP. Suplemento concentrado de electrolitos y vitaminas para recuperaci\u00f3n f\u00edsica y eliminaci\u00f3n de toxinas. Para palomas de competici\u00f3n.<\/p>\n","protected":false},"featured_media":28780,"comment_status":"open","ping_status":"closed","template":"","meta":[],"product_brand":[75],"product_cat":[335,327],"product_tag":[399,443,439,445],"class_list":{"0":"post-29393","1":"product","2":"type-product","3":"status-publish","4":"has-post-thumbnail","6":"product_brand-belgavet","7":"product_cat-recuperacion-post-carrera","8":"product_cat-rendimiento-y-energia","9":"product_tag-con-minerales","10":"product_tag-post-carrera","11":"product_tag-producto-en-polvo","12":"product_tag-recuperacion","13":"product_shipping_class-hasta-1-kg","14":"pa_peso-2-kg-es","15":"pa_peso-400g-es","17":"first","18":"outofstock","19":"taxable","20":"shipping-taxable","21":"purchasable","22":"product-type-simple"},"_links":{"self":[{"href":"https:\/\/gomeseagonia.com\/es\/wp-json\/wp\/v2\/product\/29393","targetHints":{"allow":["GET"]}}],"collection":[{"href":"https:\/\/gomeseagonia.com\/es\/wp-json\/wp\/v2\/product"}],"about":[{"href":"https:\/\/gomeseagonia.com\/es\/wp-json\/wp\/v2\/types\/product"}],"replies":[{"embeddable":true,"href":"https:\/\/gomeseagonia.com\/es\/wp-json\/wp\/v2\/comments?post=29393"}],"version-history":[{"count":1,"href":"https:\/\/gomeseagonia.com\/es\/wp-json\/wp\/v2\/product\/29393\/revisions"}],"predecessor-version":[{"id":29535,"href":"https:\/\/gomeseagonia.com\/es\/wp-json\/wp\/v2\/product\/29393\/revisions\/29535"}],"wp:featuredmedia":[{"embeddable":true,"href":"https:\/\/gomeseagonia.com\/es\/wp-json\/wp\/v2\/media\/28780"}],"wp:attachment":[{"href":"https:\/\/gomeseagonia.com\/es\/wp-json\/wp\/v2\/media?parent=29393"}],"wp:term":[{"taxonomy":"product_brand","embeddable":true,"href":"https:\/\/gomeseagonia.com\/es\/wp-json\/wp\/v2\/product_brand?post=29393"},{"taxonomy":"product_cat","embeddable":true,"href":"https:\/\/gomeseagonia.com\/es\/wp-json\/wp\/v2\/product_cat?post=29393"},{"taxonomy":"product_tag","embeddable":true,"href":"https:\/\/gomeseagonia.com\/es\/wp-json\/wp\/v2\/product_tag?post=29393"}],"curies":[{"name":"wp","href":"https:\/\/api.w.org\/{rel}","templated":true}]}}