{"id":29389,"date":"2025-06-13T23:41:58","date_gmt":"2025-06-13T23:41:58","guid":{"rendered":"https:\/\/gomeseagonia.com\/product\/29389\/"},"modified":"2025-06-13T23:41:58","modified_gmt":"2025-06-13T23:41:58","slug":"29389","status":"publish","type":"product","link":"https:\/\/gomeseagonia.com\/es\/producto\/29389\/","title":{"rendered":""},"content":{"rendered":"<p><strong>Belgavet Energy Drink BVP.<\/strong> Bebida energ\u00e9tica y de recuperaci\u00f3n con mezcla de az\u00facares y amino\u00e1cidos. Para palomas de competici\u00f3n.<\/p>\n<p><strong>INDICACIONES:<\/strong><\/p>\n<ul>\n<li>Aporta energ\u00eda de alta calidad para potenciar el rendimiento f\u00edsico<\/li>\n<li>Bebida de recuperaci\u00f3n muy eficaz para palomas mensajeras<\/li>\n<li>Especialmente \u00fatil el d\u00eda del enceste y al regresar al palomar<\/li>\n<\/ul>\n<p><strong>MODO DE USO:<\/strong><\/p>\n<ul>\n<li>Administrar 15 ml por cada 1\u202fL de agua<\/li>\n<li>Utilizar el d\u00eda del enceste y nuevamente al llegar al palomar<\/li>\n<\/ul>\n<p><strong>COMPOSICI\u00d3N:<\/strong><\/p>\n<ul>\n<li>Glucosa<\/li>\n<li>Dextrosa<\/li>\n<li>Sacarosa<\/li>\n<li>Caseinato<\/li>\n<li>Lactosa<\/li>\n<li>Fructosa<\/li>\n<li>Manitol<\/li>\n<li>Sorbitol<\/li>\n<li>Oligofructosa<\/li>\n<\/ul>\n<p><strong>ENVASE:<\/strong><\/p>\n<ul>\n<li>Botella de 1\u202fL o 2\u202fL<\/li>\n<\/ul>\n","protected":false},"excerpt":{"rendered":"<p>Belgavet Energy Drink BVP. Bebida energ\u00e9tica y de recuperaci\u00f3n con mezcla de az\u00facares y amino\u00e1cidos. Para palomas de competici\u00f3n.<\/p>\n","protected":false},"featured_media":28784,"comment_status":"open","ping_status":"closed","template":"","meta":[],"product_brand":[75],"product_cat":[329,333,327],"product_tag":[389,441],"class_list":{"0":"post-29389","1":"product","2":"type-product","3":"status-publish","4":"has-post-thumbnail","6":"product_brand-belgavet","7":"product_cat-energia-y-resistencia","8":"product_cat-preparacion-previa-a-la-carrera","9":"product_cat-rendimiento-y-energia","10":"product_tag-aumento-de-energia-es","11":"product_tag-pre-carrera","12":"product_shipping_class-1-2kg-es","14":"first","15":"instock","16":"taxable","17":"shipping-taxable","18":"purchasable","19":"product-type-simple"},"_links":{"self":[{"href":"https:\/\/gomeseagonia.com\/es\/wp-json\/wp\/v2\/product\/29389","targetHints":{"allow":["GET"]}}],"collection":[{"href":"https:\/\/gomeseagonia.com\/es\/wp-json\/wp\/v2\/product"}],"about":[{"href":"https:\/\/gomeseagonia.com\/es\/wp-json\/wp\/v2\/types\/product"}],"replies":[{"embeddable":true,"href":"https:\/\/gomeseagonia.com\/es\/wp-json\/wp\/v2\/comments?post=29389"}],"version-history":[{"count":0,"href":"https:\/\/gomeseagonia.com\/es\/wp-json\/wp\/v2\/product\/29389\/revisions"}],"wp:featuredmedia":[{"embeddable":true,"href":"https:\/\/gomeseagonia.com\/es\/wp-json\/wp\/v2\/media\/28784"}],"wp:attachment":[{"href":"https:\/\/gomeseagonia.com\/es\/wp-json\/wp\/v2\/media?parent=29389"}],"wp:term":[{"taxonomy":"product_brand","embeddable":true,"href":"https:\/\/gomeseagonia.com\/es\/wp-json\/wp\/v2\/product_brand?post=29389"},{"taxonomy":"product_cat","embeddable":true,"href":"https:\/\/gomeseagonia.com\/es\/wp-json\/wp\/v2\/product_cat?post=29389"},{"taxonomy":"product_tag","embeddable":true,"href":"https:\/\/gomeseagonia.com\/es\/wp-json\/wp\/v2\/product_tag?post=29389"}],"curies":[{"name":"wp","href":"https:\/\/api.w.org\/{rel}","templated":true}]}}