{"id":29387,"date":"2025-06-13T23:35:57","date_gmt":"2025-06-13T23:35:57","guid":{"rendered":"https:\/\/gomeseagonia.com\/product\/eureka-bvp\/"},"modified":"2025-07-13T21:25:03","modified_gmt":"2025-07-13T21:25:03","slug":"eureka-bvp","status":"publish","type":"product","link":"https:\/\/gomeseagonia.com\/es\/producto\/eureka-bvp\/","title":{"rendered":"EUREKA BVP"},"content":{"rendered":"<p><strong>Belgavet Eureka BVP.<\/strong> Mezcla soluble de vitaminas, minerales y amino\u00e1cidos para apoyar el sistema digestivo e inmunol\u00f3gico. Ideal al inicio de la alimentaci\u00f3n de palomas j\u00f3venes.<\/p>\n<p><strong>INDICACIONES:<\/strong><\/p>\n<ul>\n<li>Mantiene la digesti\u00f3n normal durante la transici\u00f3n de la leche a los granos<\/li>\n<li>Previene las heces l\u00edquidas en palomas j\u00f3venes y favorece un crecimiento vigoroso<\/li>\n<li>Apoya la resistencia natural de las aves<\/li>\n<li>Contiene vitaminas y minerales esenciales<\/li>\n<li>Contribuye a la formaci\u00f3n de m\u00fasculos, plumas y al rendimiento en concursos<\/li>\n<\/ul>\n<p><strong>MODO DE USO:<\/strong><\/p>\n<ul>\n<li>Espolvorear regularmente 5 g por cada 1 kg de alimento o colocar en un recipiente separado en el palomar<\/li>\n<\/ul>\n<p><strong>COMPOSICI\u00d3N:<\/strong><\/p>\n<ul>\n<li>Vitaminas y minerales importantes para palomas<\/li>\n<li>Amino\u00e1cidos y nutrientes complementarios (no especificados por las fuentes)<\/li>\n<\/ul>\n<p><strong>ENVASE:<\/strong><\/p>\n<ul>\n<li>Envase de 400 g o 3 kg<\/li>\n<\/ul>\n","protected":false},"excerpt":{"rendered":"<p>Belgavet Eureka BVP. Mezcla soluble de vitaminas, minerales y amino\u00e1cidos para apoyar el sistema digestivo e inmunol\u00f3gico. Ideal al inicio de la alimentaci\u00f3n de palomas j\u00f3venes.<\/p>\n","protected":false},"featured_media":28788,"comment_status":"open","ping_status":"closed","template":"","meta":[],"product_brand":[75],"product_cat":[373,383],"product_tag":[389,393,409,439],"class_list":{"0":"post-29387","1":"product","2":"type-product","3":"status-publish","4":"has-post-thumbnail","6":"product_brand-belgavet","7":"product_cat-salud-general","8":"product_cat-vitaminas-y-minerales","9":"product_tag-aumento-de-energia-es","10":"product_tag-con-aminoacidos","11":"product_tag-con-vitaminas","12":"product_tag-producto-en-polvo","13":"product_shipping_class-hasta-1-kg","14":"pa_peso-3-kg-es","15":"pa_peso-400g-es","17":"first","18":"outofstock","19":"taxable","20":"shipping-taxable","21":"product-type-simple"},"_links":{"self":[{"href":"https:\/\/gomeseagonia.com\/es\/wp-json\/wp\/v2\/product\/29387","targetHints":{"allow":["GET"]}}],"collection":[{"href":"https:\/\/gomeseagonia.com\/es\/wp-json\/wp\/v2\/product"}],"about":[{"href":"https:\/\/gomeseagonia.com\/es\/wp-json\/wp\/v2\/types\/product"}],"replies":[{"embeddable":true,"href":"https:\/\/gomeseagonia.com\/es\/wp-json\/wp\/v2\/comments?post=29387"}],"version-history":[{"count":1,"href":"https:\/\/gomeseagonia.com\/es\/wp-json\/wp\/v2\/product\/29387\/revisions"}],"predecessor-version":[{"id":29536,"href":"https:\/\/gomeseagonia.com\/es\/wp-json\/wp\/v2\/product\/29387\/revisions\/29536"}],"wp:featuredmedia":[{"embeddable":true,"href":"https:\/\/gomeseagonia.com\/es\/wp-json\/wp\/v2\/media\/28788"}],"wp:attachment":[{"href":"https:\/\/gomeseagonia.com\/es\/wp-json\/wp\/v2\/media?parent=29387"}],"wp:term":[{"taxonomy":"product_brand","embeddable":true,"href":"https:\/\/gomeseagonia.com\/es\/wp-json\/wp\/v2\/product_brand?post=29387"},{"taxonomy":"product_cat","embeddable":true,"href":"https:\/\/gomeseagonia.com\/es\/wp-json\/wp\/v2\/product_cat?post=29387"},{"taxonomy":"product_tag","embeddable":true,"href":"https:\/\/gomeseagonia.com\/es\/wp-json\/wp\/v2\/product_tag?post=29387"}],"curies":[{"name":"wp","href":"https:\/\/api.w.org\/{rel}","templated":true}]}}