{"id":29384,"date":"2025-06-13T23:29:29","date_gmt":"2025-06-13T23:29:29","guid":{"rendered":"https:\/\/gomeseagonia.com\/product\/eureka-plus-bvp\/"},"modified":"2025-07-13T21:26:00","modified_gmt":"2025-07-13T21:26:00","slug":"eureka-plus-bvp","status":"publish","type":"product","link":"https:\/\/gomeseagonia.com\/es\/producto\/eureka-plus-bvp\/","title":{"rendered":"EUREKA PLUS BVP"},"content":{"rendered":"<p><strong>Belgavet Eureka Plus.<\/strong> Compuesto espec\u00edfico rico en prote\u00ednas, amino\u00e1cidos y vitaminas. Para palomas de alta competici\u00f3n.<\/p>\n<p><strong>INDICACIONES:<\/strong><\/p>\n<ul>\n<li>Mejora la visi\u00f3n con poca luz \u2013 ideal para competiciones de larga distancia<\/li>\n<li>Regula el metabolismo y aporta energ\u00eda de alta calidad<\/li>\n<li>Aumenta la resistencia al esfuerzo f\u00edsico intenso<\/li>\n<li>Mejora la condici\u00f3n f\u00edsica general<\/li>\n<li>Favorece la digesti\u00f3n<\/li>\n<li>Contribuye a la formaci\u00f3n del plumaje y al desarrollo muscular<\/li>\n<\/ul>\n<p><strong>MODO DE USO:<\/strong><\/p>\n<ul>\n<li>Mezclar 1 cucharadita (5 g) por cada 1 kg de mezcla de granos<\/li>\n<\/ul>\n<p><strong>COMPOSICI\u00d3N:<\/strong><\/p>\n<ul>\n<li>Vitaminas: A, D3, E, B1, B2, B3, B4, B5, B6, B11, B12, C, K3, H (biotina)<\/li>\n<li>Amino\u00e1cidos: arginina, leucina, alanina, metionina, serina, creatina, isoleucina, valina, prolina, asparagina, cistina, lecitina, glutamina, treonina, histidina, glicina, carnitina, lisina, tript\u00f3fano, tirosina, fenilalanina, taurina<\/li>\n<\/ul>\n<p><strong>ENVASE:<\/strong><\/p>\n<ul>\n<li>Frasco de 400 g o 2 kg<\/li>\n<\/ul>\n","protected":false},"excerpt":{"rendered":"<p>Belgavet Eureka Plus. Compuesto espec\u00edfico rico en prote\u00ednas, amino\u00e1cidos y vitaminas. Para palomas de alta competici\u00f3n.<\/p>\n","protected":false},"featured_media":28786,"comment_status":"open","ping_status":"closed","template":"","meta":[],"product_brand":[75],"product_cat":[383],"product_tag":[389],"class_list":{"0":"post-29384","1":"product","2":"type-product","3":"status-publish","4":"has-post-thumbnail","6":"product_brand-belgavet","7":"product_cat-vitaminas-y-minerales","8":"product_tag-aumento-de-energia-es","9":"product_shipping_class-hasta-1-kg","10":"pa_peso-2-kg-es","11":"pa_peso-400g-es","13":"first","14":"instock","15":"taxable","16":"shipping-taxable","17":"purchasable","18":"product-type-simple"},"_links":{"self":[{"href":"https:\/\/gomeseagonia.com\/es\/wp-json\/wp\/v2\/product\/29384","targetHints":{"allow":["GET"]}}],"collection":[{"href":"https:\/\/gomeseagonia.com\/es\/wp-json\/wp\/v2\/product"}],"about":[{"href":"https:\/\/gomeseagonia.com\/es\/wp-json\/wp\/v2\/types\/product"}],"replies":[{"embeddable":true,"href":"https:\/\/gomeseagonia.com\/es\/wp-json\/wp\/v2\/comments?post=29384"}],"version-history":[{"count":1,"href":"https:\/\/gomeseagonia.com\/es\/wp-json\/wp\/v2\/product\/29384\/revisions"}],"predecessor-version":[{"id":29538,"href":"https:\/\/gomeseagonia.com\/es\/wp-json\/wp\/v2\/product\/29384\/revisions\/29538"}],"wp:featuredmedia":[{"embeddable":true,"href":"https:\/\/gomeseagonia.com\/es\/wp-json\/wp\/v2\/media\/28786"}],"wp:attachment":[{"href":"https:\/\/gomeseagonia.com\/es\/wp-json\/wp\/v2\/media?parent=29384"}],"wp:term":[{"taxonomy":"product_brand","embeddable":true,"href":"https:\/\/gomeseagonia.com\/es\/wp-json\/wp\/v2\/product_brand?post=29384"},{"taxonomy":"product_cat","embeddable":true,"href":"https:\/\/gomeseagonia.com\/es\/wp-json\/wp\/v2\/product_cat?post=29384"},{"taxonomy":"product_tag","embeddable":true,"href":"https:\/\/gomeseagonia.com\/es\/wp-json\/wp\/v2\/product_tag?post=29384"}],"curies":[{"name":"wp","href":"https:\/\/api.w.org\/{rel}","templated":true}]}}