{"id":29380,"date":"2025-06-13T23:22:55","date_gmt":"2025-06-13T23:22:55","guid":{"rendered":"https:\/\/gomeseagonia.com\/product\/free-mites-bvp\/"},"modified":"2025-07-13T20:04:09","modified_gmt":"2025-07-13T20:04:09","slug":"free-mites-bvp","status":"publish","type":"product","link":"https:\/\/gomeseagonia.com\/es\/producto\/free-mites-bvp\/","title":{"rendered":"FREE MITES BVP"},"content":{"rendered":"<p><strong>Belgavet Free \u00c1caros.<\/strong> Protecci\u00f3n natural total contra \u00e1caros, pulgas y piojos. Para palomas y aves.<\/p>\n<p><strong>INDICACIONES:<\/strong><\/p>\n<ul>\n<li>Producto 100% natural a base de sustancias arom\u00e1ticas<\/li>\n<li>Elimina y previene la infestaci\u00f3n por \u00e1caros, pulgas y piojos<\/li>\n<li>Puede administrarse mezclado con el alimento<\/li>\n<\/ul>\n<p><strong>MODO DE USO:<\/strong><\/p>\n<ul>\n<li>Administrar 15 g por cada 1 kg de alimento<\/li>\n<li>Utilizar regularmente como medida preventiva<\/li>\n<\/ul>\n<p><strong>COMPOSICI\u00d3N:<\/strong><\/p>\n<ul>\n<li>Sustancias arom\u00e1ticas 100% naturales<\/li>\n<\/ul>\n<p><strong>ENVASE:<\/strong><\/p>\n<ul>\n<li>Envase de 450 g<\/li>\n<\/ul>\n","protected":false},"excerpt":{"rendered":"<p>Belgavet Free \u00c1caros. Protecci\u00f3n natural total contra \u00e1caros, pulgas y piojos. Para palomas y aves.<\/p>\n","protected":false},"featured_media":28798,"comment_status":"open","ping_status":"closed","template":"","meta":[],"product_brand":[75],"product_cat":[315,375,373],"product_tag":[384],"class_list":{"0":"post-29380","1":"product","2":"type-product","3":"status-publish","4":"has-post-thumbnail","6":"product_brand-belgavet","7":"product_cat-cuidado-e-higiene","8":"product_cat-cuidado-ocular-e-higiene-es","9":"product_cat-salud-general","10":"product_tag-100-natural-es","11":"product_shipping_class-hasta-1-kg","12":"pa_peso-450g-es","14":"first","15":"outofstock","16":"taxable","17":"shipping-taxable","18":"purchasable","19":"product-type-simple"},"_links":{"self":[{"href":"https:\/\/gomeseagonia.com\/es\/wp-json\/wp\/v2\/product\/29380","targetHints":{"allow":["GET"]}}],"collection":[{"href":"https:\/\/gomeseagonia.com\/es\/wp-json\/wp\/v2\/product"}],"about":[{"href":"https:\/\/gomeseagonia.com\/es\/wp-json\/wp\/v2\/types\/product"}],"replies":[{"embeddable":true,"href":"https:\/\/gomeseagonia.com\/es\/wp-json\/wp\/v2\/comments?post=29380"}],"version-history":[{"count":1,"href":"https:\/\/gomeseagonia.com\/es\/wp-json\/wp\/v2\/product\/29380\/revisions"}],"predecessor-version":[{"id":29436,"href":"https:\/\/gomeseagonia.com\/es\/wp-json\/wp\/v2\/product\/29380\/revisions\/29436"}],"wp:featuredmedia":[{"embeddable":true,"href":"https:\/\/gomeseagonia.com\/es\/wp-json\/wp\/v2\/media\/28798"}],"wp:attachment":[{"href":"https:\/\/gomeseagonia.com\/es\/wp-json\/wp\/v2\/media?parent=29380"}],"wp:term":[{"taxonomy":"product_brand","embeddable":true,"href":"https:\/\/gomeseagonia.com\/es\/wp-json\/wp\/v2\/product_brand?post=29380"},{"taxonomy":"product_cat","embeddable":true,"href":"https:\/\/gomeseagonia.com\/es\/wp-json\/wp\/v2\/product_cat?post=29380"},{"taxonomy":"product_tag","embeddable":true,"href":"https:\/\/gomeseagonia.com\/es\/wp-json\/wp\/v2\/product_tag?post=29380"}],"curies":[{"name":"wp","href":"https:\/\/api.w.org\/{rel}","templated":true}]}}