{"id":29370,"date":"2025-06-13T21:56:09","date_gmt":"2025-06-13T21:56:09","guid":{"rendered":"https:\/\/gomeseagonia.com\/product\/garlic-herbal-bvp\/"},"modified":"2025-07-13T20:05:28","modified_gmt":"2025-07-13T20:05:28","slug":"garlic-herbal-bvp","status":"publish","type":"product","link":"https:\/\/gomeseagonia.com\/es\/producto\/garlic-herbal-bvp\/","title":{"rendered":"GARLIC HERBAL BVP"},"content":{"rendered":"<p><strong>Belgavet Garlic Herbal.<\/strong> Antibi\u00f3tico y antif\u00fangico 100% natural. Para palomas y p\u00e1jaros.<\/p>\n<p><strong>INDICACIONES:<\/strong><\/p>\n<ul>\n<li>Composici\u00f3n \u00fanica de alumbre, ajo, cebolla, az\u00facar moreno, bayas y especias beneficiosas para el organismo<\/li>\n<li>Contiene propiedades antibi\u00f3ticas y antif\u00fangicas 100% naturales<\/li>\n<li>Estimula y protege el sistema inmunitario<\/li>\n<li>Especialmente indicado durante la muda, promoviendo el desarrollo de un plumaje nuevo y perfecto<\/li>\n<\/ul>\n<p><strong>MODO DE USO:<\/strong><\/p>\n<ul>\n<li>Dosis general: 15 ml por cada 1 litro de agua o 15 ml por cada 1 kg de alimento<\/li>\n<li>Durante el invierno, cr\u00eda y concursos: una vez por semana<\/li>\n<li>Como preparaci\u00f3n para concursos: administrar durante 10 d\u00edas consecutivos<\/li>\n<li>Durante la muda: dos veces por semana<\/li>\n<\/ul>\n<p><strong>COMPOSICI\u00d3N:<\/strong><\/p>\n<ul>\n<li>Alumbre<\/li>\n<li>Ajo<\/li>\n<li>Cebolla<\/li>\n<li>Az\u00facar moreno<\/li>\n<li>Bayas<\/li>\n<li>Otras especias naturales<\/li>\n<\/ul>\n<p><strong>ENVASE:<\/strong><\/p>\n<ul>\n<li>Botella de 500 ml o 1 L<\/li>\n<\/ul>\n","protected":false},"excerpt":{"rendered":"<p>Belgavet Garlic Herbal. Antibi\u00f3tico y antif\u00fangico 100% natural. Para palomas y p\u00e1jaros.<\/p>\n","protected":false},"featured_media":28802,"comment_status":"open","ping_status":"closed","template":"","meta":[],"product_brand":[75],"product_cat":[341,333,379,327,347,373],"product_tag":[384,391,421,429,431,441,433,449,453],"class_list":{"0":"post-29370","1":"product","2":"type-product","3":"status-publish","4":"has-post-thumbnail","6":"product_brand-belgavet","7":"product_cat-muda-y-condicion-del-plumaje","8":"product_cat-preparacion-previa-a-la-carrera","9":"product_cat-refuerzo-inmunologico","10":"product_cat-rendimiento-y-energia","11":"product_cat-salud-del-plumaje","12":"product_cat-salud-general","13":"product_tag-100-natural-es","14":"product_tag-con-ajo","15":"product_tag-herbal-es","16":"product_tag-muda-es","17":"product_tag-plumas-y-muda","18":"product_tag-pre-carrera","19":"product_tag-producto-liquido","20":"product_tag-refuerzo-inmunologico","21":"product_tag-sin-antibioticos","22":"product_shipping_class-hasta-1-kg","24":"first","25":"instock","26":"taxable","27":"shipping-taxable","28":"purchasable","29":"product-type-simple"},"_links":{"self":[{"href":"https:\/\/gomeseagonia.com\/es\/wp-json\/wp\/v2\/product\/29370","targetHints":{"allow":["GET"]}}],"collection":[{"href":"https:\/\/gomeseagonia.com\/es\/wp-json\/wp\/v2\/product"}],"about":[{"href":"https:\/\/gomeseagonia.com\/es\/wp-json\/wp\/v2\/types\/product"}],"replies":[{"embeddable":true,"href":"https:\/\/gomeseagonia.com\/es\/wp-json\/wp\/v2\/comments?post=29370"}],"version-history":[{"count":1,"href":"https:\/\/gomeseagonia.com\/es\/wp-json\/wp\/v2\/product\/29370\/revisions"}],"predecessor-version":[{"id":29444,"href":"https:\/\/gomeseagonia.com\/es\/wp-json\/wp\/v2\/product\/29370\/revisions\/29444"}],"wp:featuredmedia":[{"embeddable":true,"href":"https:\/\/gomeseagonia.com\/es\/wp-json\/wp\/v2\/media\/28802"}],"wp:attachment":[{"href":"https:\/\/gomeseagonia.com\/es\/wp-json\/wp\/v2\/media?parent=29370"}],"wp:term":[{"taxonomy":"product_brand","embeddable":true,"href":"https:\/\/gomeseagonia.com\/es\/wp-json\/wp\/v2\/product_brand?post=29370"},{"taxonomy":"product_cat","embeddable":true,"href":"https:\/\/gomeseagonia.com\/es\/wp-json\/wp\/v2\/product_cat?post=29370"},{"taxonomy":"product_tag","embeddable":true,"href":"https:\/\/gomeseagonia.com\/es\/wp-json\/wp\/v2\/product_tag?post=29370"}],"curies":[{"name":"wp","href":"https:\/\/api.w.org\/{rel}","templated":true}]}}