{"id":29360,"date":"2025-06-13T21:14:31","date_gmt":"2025-06-13T21:14:31","guid":{"rendered":"https:\/\/gomeseagonia.com\/product\/gentochol-bird\/"},"modified":"2025-07-13T20:05:04","modified_gmt":"2025-07-13T20:05:04","slug":"gentochol-bird","status":"publish","type":"product","link":"https:\/\/gomeseagonia.com\/es\/producto\/gentochol-bird\/","title":{"rendered":"GENTOCHOL BIRD"},"content":{"rendered":"<p><strong>Belgavet Gentochol Bird.<\/strong> T\u00f3nico natural para una muda perfecta, digesti\u00f3n saludable y eliminaci\u00f3n de toxinas. Para p\u00e1jaros.<\/p>\n<p><strong>INDICACIONES:<\/strong><\/p>\n<ul>\n<li>Garantiza una muda perfecta y un plumaje saludable<\/li>\n<li>T\u00f3nico a base de amino\u00e1cidos, sorbitol, vitaminas B12 y C<\/li>\n<li>Favorece la digesti\u00f3n<\/li>\n<li>Tiene un efecto purificador de la sangre<\/li>\n<li>Contribuye a la eliminaci\u00f3n de sustancias t\u00f3xicas del organismo<\/li>\n<\/ul>\n<p><strong>MODO DE USO:<\/strong><\/p>\n<ul>\n<li>Dosis general: 5 ml por cada 500 ml de agua<\/li>\n<li>Durante la muda: administrar 2 veces por semana<\/li>\n<li>En caso de trastornos digestivos: administrar durante 5 d\u00edas consecutivos<\/li>\n<\/ul>\n<p><strong>COMPOSICI\u00d3N:<\/strong><\/p>\n<ul>\n<li>Amino\u00e1cidos<\/li>\n<li>Sorbitol<\/li>\n<li>Vitaminas B12 y C<\/li>\n<\/ul>\n<p><strong>ENVASE:<\/strong><\/p>\n<ul>\n<li>Botella de 250 ml o 500 ml<\/li>\n<\/ul>\n","protected":false},"excerpt":{"rendered":"<p>Belgavet Gentochol Bird. T\u00f3nico natural para una muda perfecta, digesti\u00f3n saludable y eliminaci\u00f3n de toxinas. Para p\u00e1jaros.<\/p>\n","protected":false},"featured_media":28808,"comment_status":"open","ping_status":"closed","template":"","meta":[],"product_brand":[75],"product_cat":[349,341],"product_tag":[421,429,431],"class_list":{"0":"post-29360","1":"product","2":"type-product","3":"status-publish","4":"has-post-thumbnail","6":"product_brand-belgavet","7":"product_cat-apoyo-durante-la-muda","8":"product_cat-muda-y-condicion-del-plumaje","9":"product_tag-herbal-es","10":"product_tag-muda-es","11":"product_tag-plumas-y-muda","12":"product_shipping_class-hasta-1-kg","14":"first","15":"outofstock","16":"taxable","17":"shipping-taxable","18":"product-type-simple"},"_links":{"self":[{"href":"https:\/\/gomeseagonia.com\/es\/wp-json\/wp\/v2\/product\/29360","targetHints":{"allow":["GET"]}}],"collection":[{"href":"https:\/\/gomeseagonia.com\/es\/wp-json\/wp\/v2\/product"}],"about":[{"href":"https:\/\/gomeseagonia.com\/es\/wp-json\/wp\/v2\/types\/product"}],"replies":[{"embeddable":true,"href":"https:\/\/gomeseagonia.com\/es\/wp-json\/wp\/v2\/comments?post=29360"}],"version-history":[{"count":1,"href":"https:\/\/gomeseagonia.com\/es\/wp-json\/wp\/v2\/product\/29360\/revisions"}],"predecessor-version":[{"id":29442,"href":"https:\/\/gomeseagonia.com\/es\/wp-json\/wp\/v2\/product\/29360\/revisions\/29442"}],"wp:featuredmedia":[{"embeddable":true,"href":"https:\/\/gomeseagonia.com\/es\/wp-json\/wp\/v2\/media\/28808"}],"wp:attachment":[{"href":"https:\/\/gomeseagonia.com\/es\/wp-json\/wp\/v2\/media?parent=29360"}],"wp:term":[{"taxonomy":"product_brand","embeddable":true,"href":"https:\/\/gomeseagonia.com\/es\/wp-json\/wp\/v2\/product_brand?post=29360"},{"taxonomy":"product_cat","embeddable":true,"href":"https:\/\/gomeseagonia.com\/es\/wp-json\/wp\/v2\/product_cat?post=29360"},{"taxonomy":"product_tag","embeddable":true,"href":"https:\/\/gomeseagonia.com\/es\/wp-json\/wp\/v2\/product_tag?post=29360"}],"curies":[{"name":"wp","href":"https:\/\/api.w.org\/{rel}","templated":true}]}}