{"id":29291,"date":"2025-06-13T00:05:53","date_gmt":"2025-06-13T00:05:53","guid":{"rendered":"https:\/\/gomeseagonia.com\/product\/joost-mix-bvp\/"},"modified":"2025-07-13T19:59:01","modified_gmt":"2025-07-13T19:59:01","slug":"joost-mix-bvp","status":"publish","type":"product","link":"https:\/\/gomeseagonia.com\/es\/producto\/joost-mix-bvp\/","title":{"rendered":"JOOST MIX BVP"},"content":{"rendered":"<p><strong>Belgavet Joost Mix.<\/strong> Desarrollado por Joost De Smeyter \u2013 \u201cEl Rey de las Largas Distancias\u201d. Mezcla base de su sistema de campeonatos de fondo. Para palomas de competici\u00f3n.<\/p>\n<p><strong>INDICACIONES:<\/strong><\/p>\n<ul>\n<li>Mezcla completa y equilibrada con ingredientes naturales<\/li>\n<li>Ayuda a las palomas a mantenerse saludables y en excelente forma durante todo el a\u00f1o<\/li>\n<li>Contribuye a vuelos m\u00e1s r\u00e1pidos y duraderos, potenciando el rendimiento deportivo<\/li>\n<li>Resultado de varios a\u00f1os de estudio entre Joost De Smeyter y Belgavet<\/li>\n<li>Composici\u00f3n basada en la combinaci\u00f3n de cinco productos clave: <strong>CerBival<\/strong>, <strong>Eureka Plus<\/strong>, <strong>Tzurex<\/strong>, <strong>Vegetural<\/strong> y <strong>Garlic<\/strong>.<\/li>\n<\/ul>\n<p><strong>MODO DE USO:<\/strong><\/p>\n<ul>\n<li>Humedezca previamente el alimento seg\u00fan la \u00e9poca del a\u00f1o:\n<ul>\n<li>Temporada deportiva: 15 ml de Twister Oil<\/li>\n<li>Despu\u00e9s de las competiciones: 15 ml de Jarabe de Sa\u00faco<\/li>\n<li>Durante la muda: 15 ml de Gentochol<\/li>\n<li>Durante la cr\u00eda: 15 ml de aceite de germen de trigo<\/li>\n<\/ul>\n<\/li>\n<li>Agregar 15 g de Joost Mix BVP y mezclar bien hasta obtener una distribuci\u00f3n homog\u00e9nea<\/li>\n<li>Administrar 3 veces por semana durante todo el a\u00f1o<\/li>\n<\/ul>\n<p><strong>ENVASE:<\/strong><\/p>\n<ul>\n<li>Envase de 400 g o 2 kg<\/li>\n<\/ul>\n","protected":false},"excerpt":{"rendered":"<p>Belgavet Joost Mix. Desarrollado por Joost De Smeyter \u2013 \u201cEl Rey de las Largas Distancias\u201d. Mezcla base de su sistema de campeonatos de fondo. Para palomas de competici\u00f3n.<\/p>\n","protected":false},"featured_media":28824,"comment_status":"open","ping_status":"closed","template":"","meta":[],"product_brand":[75],"product_cat":[79,93,78,90],"product_tag":[127,124],"class_list":{"0":"post-29291","1":"product","2":"type-product","3":"status-publish","4":"has-post-thumbnail","6":"product_brand-belgavet","7":"product_cat-criacao-e-desenvolvimento","8":"product_cat-criacao-e-reproducao","9":"product_cat-desempenho-e-energia","10":"product_cat-suplementos-para-voos","11":"product_tag-mistura-para-graos","12":"product_tag-produto-em-po","13":"product_shipping_class-ate_1kg","14":"pa_peso-2-kg","15":"pa_peso-400g","17":"first","18":"instock","19":"taxable","20":"shipping-taxable","21":"purchasable","22":"product-type-simple"},"_links":{"self":[{"href":"https:\/\/gomeseagonia.com\/es\/wp-json\/wp\/v2\/product\/29291","targetHints":{"allow":["GET"]}}],"collection":[{"href":"https:\/\/gomeseagonia.com\/es\/wp-json\/wp\/v2\/product"}],"about":[{"href":"https:\/\/gomeseagonia.com\/es\/wp-json\/wp\/v2\/types\/product"}],"replies":[{"embeddable":true,"href":"https:\/\/gomeseagonia.com\/es\/wp-json\/wp\/v2\/comments?post=29291"}],"version-history":[{"count":1,"href":"https:\/\/gomeseagonia.com\/es\/wp-json\/wp\/v2\/product\/29291\/revisions"}],"predecessor-version":[{"id":29426,"href":"https:\/\/gomeseagonia.com\/es\/wp-json\/wp\/v2\/product\/29291\/revisions\/29426"}],"wp:featuredmedia":[{"embeddable":true,"href":"https:\/\/gomeseagonia.com\/es\/wp-json\/wp\/v2\/media\/28824"}],"wp:attachment":[{"href":"https:\/\/gomeseagonia.com\/es\/wp-json\/wp\/v2\/media?parent=29291"}],"wp:term":[{"taxonomy":"product_brand","embeddable":true,"href":"https:\/\/gomeseagonia.com\/es\/wp-json\/wp\/v2\/product_brand?post=29291"},{"taxonomy":"product_cat","embeddable":true,"href":"https:\/\/gomeseagonia.com\/es\/wp-json\/wp\/v2\/product_cat?post=29291"},{"taxonomy":"product_tag","embeddable":true,"href":"https:\/\/gomeseagonia.com\/es\/wp-json\/wp\/v2\/product_tag?post=29291"}],"curies":[{"name":"wp","href":"https:\/\/api.w.org\/{rel}","templated":true}]}}