{"id":29289,"date":"2025-06-12T23:18:38","date_gmt":"2025-06-12T23:18:38","guid":{"rendered":"https:\/\/gomeseagonia.com\/product\/joost-mix-prepare-bvp\/"},"modified":"2025-07-13T21:26:59","modified_gmt":"2025-07-13T21:26:59","slug":"joost-mix-prepare-bvp","status":"publish","type":"product","link":"https:\/\/gomeseagonia.com\/es\/producto\/joost-mix-prepare-bvp\/","title":{"rendered":"JOOST MIX PREPARE BVP"},"content":{"rendered":"<p><strong>Belgavet Joost Mix Prepare.<\/strong> Desarrollado por Joost De Smeyter \u2013 \u201cEl Rey de las Largas Distancias\u201d. Para palomas de competici\u00f3n.<\/p>\n<p><strong>INDICACIONES:<\/strong><\/p>\n<ul>\n<li style=\"list-style-type: none;\">\n<ul>\n<li>Palomas m\u00e1s r\u00e1pidas y con mayor resistencia en vuelo<\/li>\n<\/ul>\n<\/li>\n<\/ul>\n<ul>\n<li>F\u00f3rmula exclusiva utilizada por Joost De Smeyter, m\u00faltiple ganador de concursos de fondo en la \u00faltima d\u00e9cada<\/li>\n<li>Enriquecida con Creatina Pura y Remolacha Roja<\/li>\n<li>Mejora el rendimiento f\u00edsico y aumenta la funci\u00f3n muscular<\/li>\n<li>Potencia la energ\u00eda y reduce el tiempo de recuperaci\u00f3n post-concurso<\/li>\n<li>Estimula el metabolismo y favorece el rendimiento de alto nivel<\/li>\n<\/ul>\n<p><strong>MODO DE USO:<\/strong><\/p>\n<ul>\n<li>Mezclar 15 g por cada 1 kg de alimento durante los 2 d\u00edas antes del enceste<\/li>\n<\/ul>\n<p><strong>ENVASE:<\/strong><\/p>\n<ul>\n<li>Envase de 400 g<\/li>\n<\/ul>\n","protected":false},"excerpt":{"rendered":"<p>Belgavet Joost Mix Prepare. Desarrollado por Joost De Smeyter \u2013 \u201cEl Rey de las Largas Distancias\u201d. Para palomas de competici\u00f3n.<\/p>\n","protected":false},"featured_media":28826,"comment_status":"open","ping_status":"closed","template":"","meta":[],"product_brand":[75],"product_cat":[333,327,337],"product_tag":[389,397,395,427,441],"class_list":{"0":"post-29289","1":"product","2":"type-product","3":"status-publish","4":"has-post-thumbnail","6":"product_brand-belgavet","7":"product_cat-preparacion-previa-a-la-carrera","8":"product_cat-rendimiento-y-energia","9":"product_cat-suplementos-para-el-vuelo","10":"product_tag-aumento-de-energia-es","11":"product_tag-con-creatina","12":"product_tag-con-remolacha","13":"product_tag-mezcla-para-granos","14":"product_tag-pre-carrera","15":"product_shipping_class-hasta-1-kg","16":"pa_peso-2-kg-es","17":"pa_peso-400g-es","19":"first","20":"instock","21":"taxable","22":"shipping-taxable","23":"purchasable","24":"product-type-simple"},"_links":{"self":[{"href":"https:\/\/gomeseagonia.com\/es\/wp-json\/wp\/v2\/product\/29289","targetHints":{"allow":["GET"]}}],"collection":[{"href":"https:\/\/gomeseagonia.com\/es\/wp-json\/wp\/v2\/product"}],"about":[{"href":"https:\/\/gomeseagonia.com\/es\/wp-json\/wp\/v2\/types\/product"}],"replies":[{"embeddable":true,"href":"https:\/\/gomeseagonia.com\/es\/wp-json\/wp\/v2\/comments?post=29289"}],"version-history":[{"count":1,"href":"https:\/\/gomeseagonia.com\/es\/wp-json\/wp\/v2\/product\/29289\/revisions"}],"predecessor-version":[{"id":29540,"href":"https:\/\/gomeseagonia.com\/es\/wp-json\/wp\/v2\/product\/29289\/revisions\/29540"}],"wp:featuredmedia":[{"embeddable":true,"href":"https:\/\/gomeseagonia.com\/es\/wp-json\/wp\/v2\/media\/28826"}],"wp:attachment":[{"href":"https:\/\/gomeseagonia.com\/es\/wp-json\/wp\/v2\/media?parent=29289"}],"wp:term":[{"taxonomy":"product_brand","embeddable":true,"href":"https:\/\/gomeseagonia.com\/es\/wp-json\/wp\/v2\/product_brand?post=29289"},{"taxonomy":"product_cat","embeddable":true,"href":"https:\/\/gomeseagonia.com\/es\/wp-json\/wp\/v2\/product_cat?post=29289"},{"taxonomy":"product_tag","embeddable":true,"href":"https:\/\/gomeseagonia.com\/es\/wp-json\/wp\/v2\/product_tag?post=29289"}],"curies":[{"name":"wp","href":"https:\/\/api.w.org\/{rel}","templated":true}]}}