{"id":29266,"date":"2025-06-12T23:11:49","date_gmt":"2025-06-12T23:11:49","guid":{"rendered":"https:\/\/gomeseagonia.com\/product\/joost-mix-recovery-bvp\/"},"modified":"2025-07-13T21:27:26","modified_gmt":"2025-07-13T21:27:26","slug":"joost-mix-recovery-bvp","status":"publish","type":"product","link":"https:\/\/gomeseagonia.com\/es\/producto\/joost-mix-recovery-bvp\/","title":{"rendered":"JOOST MIX RECOVERY BVP"},"content":{"rendered":"<p><strong>Belgavet Joost Mix Recovery. Producto cient\u00edficamente desarrollado y de \u00faltima generaci\u00f3n que garantiza una recuperaci\u00f3n perfecta despu\u00e9s del vuelo. Para palomas de competici\u00f3n.<\/strong><\/p>\n<p><strong>INDICACIONES:<\/strong><\/p>\n<ul>\n<li>Garantiza una recuperaci\u00f3n perfecta despu\u00e9s de la competici\u00f3n.<\/li>\n<li>100% natural.<\/li>\n<li>Contiene amino\u00e1cidos, vitaminas, prote\u00ednas y minerales esenciales a\u00f1adidos para una recuperaci\u00f3n m\u00e1s r\u00e1pida de las palomas.<\/li>\n<li>Restablece la energ\u00eda despu\u00e9s de la competici\u00f3n.<\/li>\n<li>Evita problemas musculares y la fatiga muscular.<\/li>\n<li>Maximiza la s\u00edntesis de prote\u00ednas.<\/li>\n<\/ul>\n<p><strong>COMPOSICI\u00d3N:<\/strong><\/p>\n<p class=\"p1\">Almid\u00f3n de patata, aragonita, levadura de cerveza, cebada, avena, suero de leche en polvo, col rizada, ajo, leche desnatada en polvo, almid\u00f3n de ma\u00edz, cloruro de sodio, puerro, perejil, remolacha, centeno, soja, espinaca, espirulina, trigo, hierba de trigo con taurina, cebolla, zanahoria, suero en polvo, prote\u00edna vegetal.<\/p>\n<p class=\"p1\">Constituyentes anal\u00edticos:<\/p>\n<ul>\n<li>Prote\u00edna bruta: 20%<\/li>\n<li>Cenizas brutas: 13,59%<\/li>\n<li>Fibra bruta: 2,86%<\/li>\n<li>Sodio (Natrium): 0,82%<\/li>\n<li>Calcio: 0,94%<\/li>\n<li>Hidratos de carbono: 7%<\/li>\n<li>DL-Metionina: 0%<\/li>\n<li>F\u00f3sforo: 0%<\/li>\n<li>Lisina: 0%<\/li>\n<li>Humedad: 0,6%<\/li>\n<li>Grasa bruta: 4,10%<\/li>\n<\/ul>\n<p><strong>MODO DE USO:<\/strong><\/p>\n<ul>\n<li>Administrar 15 g por 1 kg de alimento durante 2 d\u00edas consecutivos despu\u00e9s de la llegada.<\/li>\n<\/ul>\n<p><strong>ENVASE:<\/strong><\/p>\n<ul>\n<li>400 g o 2 kg.<\/li>\n<\/ul>\n","protected":false},"excerpt":{"rendered":"<p>Joost De Smeyter, el Gran Campe\u00f3n Belga conocido como \u2018El Rey de las Largas Distancias\u2019, colabor\u00f3 en el desarrollo del suplemento Belgavet Joost Mix Recovery \u2014 una f\u00f3rmula 100% natural enriquecida con amino\u00e1cidos, vitaminas, prote\u00ednas y minerales esenciales \u2014 dise\u00f1ada para garantizar una recuperaci\u00f3n r\u00e1pida, completa y eficaz de las palomas tras intensas competiciones de carreras.<\/p>\n","protected":false},"featured_media":28828,"comment_status":"open","ping_status":"closed","template":"","meta":[],"product_brand":[75],"product_cat":[335,327],"product_tag":[393,443,445,447,455],"class_list":{"0":"post-29266","1":"product","2":"type-product","3":"status-publish","4":"has-post-thumbnail","6":"product_brand-belgavet","7":"product_cat-recuperacion-post-carrera","8":"product_cat-rendimiento-y-energia","9":"product_tag-con-aminoacidos","10":"product_tag-post-carrera","11":"product_tag-recuperacion","12":"product_tag-recuperacion-fisica","13":"product_tag-soluble-en-agua","14":"product_shipping_class-hasta-1-kg","15":"pa_peso-2-kg-es","16":"pa_peso-400g-es","18":"first","19":"instock","20":"taxable","21":"shipping-taxable","22":"purchasable","23":"product-type-simple"},"_links":{"self":[{"href":"https:\/\/gomeseagonia.com\/es\/wp-json\/wp\/v2\/product\/29266","targetHints":{"allow":["GET"]}}],"collection":[{"href":"https:\/\/gomeseagonia.com\/es\/wp-json\/wp\/v2\/product"}],"about":[{"href":"https:\/\/gomeseagonia.com\/es\/wp-json\/wp\/v2\/types\/product"}],"replies":[{"embeddable":true,"href":"https:\/\/gomeseagonia.com\/es\/wp-json\/wp\/v2\/comments?post=29266"}],"version-history":[{"count":1,"href":"https:\/\/gomeseagonia.com\/es\/wp-json\/wp\/v2\/product\/29266\/revisions"}],"predecessor-version":[{"id":29541,"href":"https:\/\/gomeseagonia.com\/es\/wp-json\/wp\/v2\/product\/29266\/revisions\/29541"}],"wp:featuredmedia":[{"embeddable":true,"href":"https:\/\/gomeseagonia.com\/es\/wp-json\/wp\/v2\/media\/28828"}],"wp:attachment":[{"href":"https:\/\/gomeseagonia.com\/es\/wp-json\/wp\/v2\/media?parent=29266"}],"wp:term":[{"taxonomy":"product_brand","embeddable":true,"href":"https:\/\/gomeseagonia.com\/es\/wp-json\/wp\/v2\/product_brand?post=29266"},{"taxonomy":"product_cat","embeddable":true,"href":"https:\/\/gomeseagonia.com\/es\/wp-json\/wp\/v2\/product_cat?post=29266"},{"taxonomy":"product_tag","embeddable":true,"href":"https:\/\/gomeseagonia.com\/es\/wp-json\/wp\/v2\/product_tag?post=29266"}],"curies":[{"name":"wp","href":"https:\/\/api.w.org\/{rel}","templated":true}]}}