{"id":29260,"date":"2025-06-12T18:33:47","date_gmt":"2025-06-12T18:33:47","guid":{"rendered":"https:\/\/gomeseagonia.com\/product\/29260\/"},"modified":"2025-07-13T21:28:29","modified_gmt":"2025-07-13T21:28:29","slug":"29260","status":"publish","type":"product","link":"https:\/\/gomeseagonia.com\/es\/producto\/29260\/","title":{"rendered":"OREGANO 10 BVP"},"content":{"rendered":"<p><strong>Belgavet Oregano BVP 10%. Un suplemento alimenticio para palomas mensajeras.<\/strong><\/p>\n<p class=\"p1\">Oregano BVP 10% garantiza que su paloma mantenga una flora intestinal saludable. Proporciona m\u00e1s energ\u00eda y act\u00faa naturalmente contra las bacterias.<\/p>\n<p><strong>INDICACIONES:<\/strong><\/p>\n<ul>\n<li>Mantener a las palomas sanas y vigorosas.<\/li>\n<li>Fortalece las defensas del organismo.<\/li>\n<li>Usar durante todo el a\u00f1o.<\/li>\n<\/ul>\n<p><strong>MODO DE USO:<\/strong><\/p>\n<ul>\n<li class=\"p1\">Agitar antes de usar.<\/li>\n<li class=\"p1\">5 ml por 2 L de agua, durante 3 a 4 d\u00edas a la semana.<\/li>\n<li class=\"p1\">Puede administrarse durante todo el a\u00f1o.<\/li>\n<\/ul>\n<p><strong>ENVASE:<\/strong><\/p>\n<ul>\n<li>Botella de 500 ml o 1L<\/li>\n<\/ul>\n","protected":false},"excerpt":{"rendered":"<p>Belgavet Oregano BVP 10%. Un suplemento alimenticio para palomas mensajeras.<\/p>\n","protected":false},"featured_media":28836,"comment_status":"open","ping_status":"closed","template":"","meta":[],"product_brand":[75],"product_cat":[377,373],"product_tag":[457,389,433],"class_list":{"0":"post-29260","1":"product","2":"type-product","3":"status-publish","4":"has-post-thumbnail","6":"product_brand-belgavet","7":"product_cat-flora-intestinal-y-digestion","8":"product_cat-salud-general","9":"product_tag-apoyo-digestivo","10":"product_tag-aumento-de-energia-es","11":"product_tag-producto-liquido","12":"product_shipping_class-hasta-1-kg","14":"first","15":"instock","16":"taxable","17":"shipping-taxable","18":"purchasable","19":"product-type-simple"},"_links":{"self":[{"href":"https:\/\/gomeseagonia.com\/es\/wp-json\/wp\/v2\/product\/29260","targetHints":{"allow":["GET"]}}],"collection":[{"href":"https:\/\/gomeseagonia.com\/es\/wp-json\/wp\/v2\/product"}],"about":[{"href":"https:\/\/gomeseagonia.com\/es\/wp-json\/wp\/v2\/types\/product"}],"replies":[{"embeddable":true,"href":"https:\/\/gomeseagonia.com\/es\/wp-json\/wp\/v2\/comments?post=29260"}],"version-history":[{"count":1,"href":"https:\/\/gomeseagonia.com\/es\/wp-json\/wp\/v2\/product\/29260\/revisions"}],"predecessor-version":[{"id":29543,"href":"https:\/\/gomeseagonia.com\/es\/wp-json\/wp\/v2\/product\/29260\/revisions\/29543"}],"wp:featuredmedia":[{"embeddable":true,"href":"https:\/\/gomeseagonia.com\/es\/wp-json\/wp\/v2\/media\/28836"}],"wp:attachment":[{"href":"https:\/\/gomeseagonia.com\/es\/wp-json\/wp\/v2\/media?parent=29260"}],"wp:term":[{"taxonomy":"product_brand","embeddable":true,"href":"https:\/\/gomeseagonia.com\/es\/wp-json\/wp\/v2\/product_brand?post=29260"},{"taxonomy":"product_cat","embeddable":true,"href":"https:\/\/gomeseagonia.com\/es\/wp-json\/wp\/v2\/product_cat?post=29260"},{"taxonomy":"product_tag","embeddable":true,"href":"https:\/\/gomeseagonia.com\/es\/wp-json\/wp\/v2\/product_tag?post=29260"}],"curies":[{"name":"wp","href":"https:\/\/api.w.org\/{rel}","templated":true}]}}