{"id":29258,"date":"2025-06-12T18:18:02","date_gmt":"2025-06-12T18:18:02","guid":{"rendered":"https:\/\/gomeseagonia.com\/product\/pomalai-bvp\/"},"modified":"2025-07-13T21:28:57","modified_gmt":"2025-07-13T21:28:57","slug":"pomalai-bvp","status":"publish","type":"product","link":"https:\/\/gomeseagonia.com\/es\/producto\/pomalai-bvp\/","title":{"rendered":"POMALAI BVP"},"content":{"rendered":"<p><strong>Belgavet Pomalai. Con 8% de vinagre de manzana y extracto puro de ajo. Para palomas y aves.<\/strong><\/p>\n<p class=\"p1\">Mayor resistencia y mejor circulaci\u00f3n sangu\u00ednea, tambi\u00e9n gracias al ajo. Aporta vitalidad a las palomas. Ideal para una flora intestinal saludable. Contribuye a un plumaje suave. Mejora la digesti\u00f3n. Rico en vitaminas y minerales naturales.<\/p>\n<p><strong>INDICACIONES:<\/strong><\/p>\n<ul>\n<li>Refuerza el sistema inmunol\u00f3gico, reduciendo considerablemente el riesgo de enfermedades.<\/li>\n<li>Mejora la digesti\u00f3n y previene trastornos digestivos causados por alimentos mal digeridos.<\/li>\n<li>Mejora la circulaci\u00f3n sangu\u00ednea.<\/li>\n<li>Excelente preventivo natural contra par\u00e1sitos internos.<\/li>\n<li>Rico en vitaminas, minerales y oligoelementos.<\/li>\n<\/ul>\n<p><strong>COMPOSICI\u00d3N:<\/strong><\/p>\n<ul>\n<li>Vinagre de manzana.<\/li>\n<li>Extracto puro de ajo.<\/li>\n<\/ul>\n<p><strong>MODO DE USO:<\/strong><\/p>\n<ul>\n<li>15 ml por 1 litro de agua.<\/li>\n<\/ul>\n<p><strong>ENVASE:<\/strong><\/p>\n<ul>\n<li>Botella de 1L<\/li>\n<\/ul>\n","protected":false},"excerpt":{"rendered":"<p>Belgavet Pomalai. Con 8% de vinagre de manzana y extracto puro de ajo. Para palomas y aves.<\/p>\n","protected":false},"featured_media":28838,"comment_status":"open","ping_status":"closed","template":"","meta":[],"product_brand":[75],"product_cat":[377,373],"product_tag":[457,391],"class_list":{"0":"post-29258","1":"product","2":"type-product","3":"status-publish","4":"has-post-thumbnail","6":"product_brand-belgavet","7":"product_cat-flora-intestinal-y-digestion","8":"product_cat-salud-general","9":"product_tag-apoyo-digestivo","10":"product_tag-con-ajo","11":"product_shipping_class-1-2kg-es","13":"first","14":"instock","15":"taxable","16":"shipping-taxable","17":"purchasable","18":"product-type-simple"},"_links":{"self":[{"href":"https:\/\/gomeseagonia.com\/es\/wp-json\/wp\/v2\/product\/29258","targetHints":{"allow":["GET"]}}],"collection":[{"href":"https:\/\/gomeseagonia.com\/es\/wp-json\/wp\/v2\/product"}],"about":[{"href":"https:\/\/gomeseagonia.com\/es\/wp-json\/wp\/v2\/types\/product"}],"replies":[{"embeddable":true,"href":"https:\/\/gomeseagonia.com\/es\/wp-json\/wp\/v2\/comments?post=29258"}],"version-history":[{"count":1,"href":"https:\/\/gomeseagonia.com\/es\/wp-json\/wp\/v2\/product\/29258\/revisions"}],"predecessor-version":[{"id":29544,"href":"https:\/\/gomeseagonia.com\/es\/wp-json\/wp\/v2\/product\/29258\/revisions\/29544"}],"wp:featuredmedia":[{"embeddable":true,"href":"https:\/\/gomeseagonia.com\/es\/wp-json\/wp\/v2\/media\/28838"}],"wp:attachment":[{"href":"https:\/\/gomeseagonia.com\/es\/wp-json\/wp\/v2\/media?parent=29258"}],"wp:term":[{"taxonomy":"product_brand","embeddable":true,"href":"https:\/\/gomeseagonia.com\/es\/wp-json\/wp\/v2\/product_brand?post=29258"},{"taxonomy":"product_cat","embeddable":true,"href":"https:\/\/gomeseagonia.com\/es\/wp-json\/wp\/v2\/product_cat?post=29258"},{"taxonomy":"product_tag","embeddable":true,"href":"https:\/\/gomeseagonia.com\/es\/wp-json\/wp\/v2\/product_tag?post=29258"}],"curies":[{"name":"wp","href":"https:\/\/api.w.org\/{rel}","templated":true}]}}