{"id":29256,"date":"2025-06-12T16:42:36","date_gmt":"2025-06-12T16:42:36","guid":{"rendered":"https:\/\/gomeseagonia.com\/product\/pomappel-bvp\/"},"modified":"2025-07-13T21:57:04","modified_gmt":"2025-07-13T21:57:04","slug":"pomappel-bvp","status":"publish","type":"product","link":"https:\/\/gomeseagonia.com\/es\/producto\/pomappel-bvp\/","title":{"rendered":"POMAPPEL BVP"},"content":{"rendered":"<p><strong>Belgavet Pomappel BVP. Estimulante intestinal.<\/strong><\/p>\n<p><strong>INDICACIONES:<\/strong><\/p>\n<ul>\n<li>Vinagre de manzana al 8% para palomas.<\/li>\n<li>Ideal para estimular la producci\u00f3n de \u00e1cidos org\u00e1nicos en los intestinos.<\/li>\n<li>Contribuye a un plumaje suave.<\/li>\n<li>Mejora la digesti\u00f3n.<\/li>\n<\/ul>\n<p><strong>MODO DE USO:<\/strong><\/p>\n<ul>\n<li>15 ml por 1 L de agua.<\/li>\n<\/ul>\n<p><strong>ENVASE:<\/strong><\/p>\n<ul>\n<li>Botella de 1L, 2L o 5L.<\/li>\n<\/ul>\n","protected":false},"excerpt":{"rendered":"<p>Belgavet Pomappel BVP. Estimulante intestinal. Ideal para estimular la producci\u00f3n de \u00e1cidos org\u00e1nicos en los intestinos.<\/p>\n","protected":false},"featured_media":28840,"comment_status":"open","ping_status":"closed","template":"","meta":[],"product_brand":[75],"product_cat":[377,373],"product_tag":[457,391],"class_list":{"0":"post-29256","1":"product","2":"type-product","3":"status-publish","4":"has-post-thumbnail","6":"product_brand-belgavet","7":"product_cat-flora-intestinal-y-digestion","8":"product_cat-salud-general","9":"product_tag-apoyo-digestivo","10":"product_tag-con-ajo","11":"product_shipping_class-1-2kg-es","13":"first","14":"instock","15":"taxable","16":"shipping-taxable","17":"purchasable","18":"product-type-simple"},"_links":{"self":[{"href":"https:\/\/gomeseagonia.com\/es\/wp-json\/wp\/v2\/product\/29256","targetHints":{"allow":["GET"]}}],"collection":[{"href":"https:\/\/gomeseagonia.com\/es\/wp-json\/wp\/v2\/product"}],"about":[{"href":"https:\/\/gomeseagonia.com\/es\/wp-json\/wp\/v2\/types\/product"}],"replies":[{"embeddable":true,"href":"https:\/\/gomeseagonia.com\/es\/wp-json\/wp\/v2\/comments?post=29256"}],"version-history":[{"count":1,"href":"https:\/\/gomeseagonia.com\/es\/wp-json\/wp\/v2\/product\/29256\/revisions"}],"predecessor-version":[{"id":29565,"href":"https:\/\/gomeseagonia.com\/es\/wp-json\/wp\/v2\/product\/29256\/revisions\/29565"}],"wp:featuredmedia":[{"embeddable":true,"href":"https:\/\/gomeseagonia.com\/es\/wp-json\/wp\/v2\/media\/28840"}],"wp:attachment":[{"href":"https:\/\/gomeseagonia.com\/es\/wp-json\/wp\/v2\/media?parent=29256"}],"wp:term":[{"taxonomy":"product_brand","embeddable":true,"href":"https:\/\/gomeseagonia.com\/es\/wp-json\/wp\/v2\/product_brand?post=29256"},{"taxonomy":"product_cat","embeddable":true,"href":"https:\/\/gomeseagonia.com\/es\/wp-json\/wp\/v2\/product_cat?post=29256"},{"taxonomy":"product_tag","embeddable":true,"href":"https:\/\/gomeseagonia.com\/es\/wp-json\/wp\/v2\/product_tag?post=29256"}],"curies":[{"name":"wp","href":"https:\/\/api.w.org\/{rel}","templated":true}]}}