{"id":29254,"date":"2025-06-12T16:07:06","date_gmt":"2025-06-12T16:07:06","guid":{"rendered":"https:\/\/gomeseagonia.com\/product\/pro-biolec-bvp\/"},"modified":"2025-07-13T21:57:36","modified_gmt":"2025-07-13T21:57:36","slug":"pro-biolec-bvp","status":"publish","type":"product","link":"https:\/\/gomeseagonia.com\/es\/producto\/pro-biolec-bvp\/","title":{"rendered":"PRO BIOLEC BVP"},"content":{"rendered":"<p><strong>Belgavet Pro-Biolec BVP. Un probi\u00f3tico 100% natural para palomas y aves.<\/strong><\/p>\n<p class=\"p1\">Favorece el buen funcionamiento de la flora intestinal natural y una digesti\u00f3n \u00f3ptima, especialmente en casos de problemas con palomas j\u00f3venes. Probi\u00f3tico natural. Mejora el apetito reducido y la absorci\u00f3n de nutrientes en aves j\u00f3venes y adultas. Muy recomendado como alternativa a los antibi\u00f3ticos. Contiene cinamaldeh\u00eddo y alicina.<\/p>\n<p><strong>INDICACIONES:<\/strong><\/p>\n<ul>\n<li>Restaura y mantiene la flora intestinal.<\/li>\n<li>Refuerza contra enfermedades.<\/li>\n<li>Una alternativa natural a los antibi\u00f3ticos.<\/li>\n<\/ul>\n<p><strong>MODO DE USO:<\/strong><\/p>\n<ul>\n<li>Mezclar 10 g por 1 kg de alimento, previamente humedecido con Twister Oil. O a\u00f1adir 10 g por 2 litros de agua.<\/li>\n<li>Se recomienda administrar junto con Eureka + Plus y Vegetural.<\/li>\n<\/ul>\n<p><strong>COMPOSICI\u00d3N:<\/strong><\/p>\n<ul>\n<li>Cinamaldeh\u00eddo<\/li>\n<li>Alicina<\/li>\n<\/ul>\n<p><strong>ENVASE:<\/strong><\/p>\n<ul>\n<li>Polvo \u2013 envase de 200 g o 2 kg<\/li>\n<\/ul>\n","protected":false},"excerpt":{"rendered":"<p>Belgavet Pro-Biolec BVP. Un probi\u00f3tico 100% natural para palomas y aves.<\/p>\n","protected":false},"featured_media":28842,"comment_status":"open","ping_status":"closed","template":"","meta":[],"product_brand":[75],"product_cat":[79,85,77,94],"product_tag":[132,120],"class_list":{"0":"post-29254","1":"product","2":"type-product","3":"status-publish","4":"has-post-thumbnail","6":"product_brand-belgavet","7":"product_cat-criacao-e-desenvolvimento","8":"product_cat-flora-intestinal-e-digestao","9":"product_cat-saude-geral","10":"product_cat-suplementos-para-jovens","11":"product_tag-suporte-digestivo","12":"product_tag-com-probioticos","13":"product_shipping_class-ate_1kg","14":"pa_peso-200g","16":"first","17":"instock","18":"taxable","19":"shipping-taxable","20":"purchasable","21":"product-type-simple"},"_links":{"self":[{"href":"https:\/\/gomeseagonia.com\/es\/wp-json\/wp\/v2\/product\/29254","targetHints":{"allow":["GET"]}}],"collection":[{"href":"https:\/\/gomeseagonia.com\/es\/wp-json\/wp\/v2\/product"}],"about":[{"href":"https:\/\/gomeseagonia.com\/es\/wp-json\/wp\/v2\/types\/product"}],"replies":[{"embeddable":true,"href":"https:\/\/gomeseagonia.com\/es\/wp-json\/wp\/v2\/comments?post=29254"}],"version-history":[{"count":1,"href":"https:\/\/gomeseagonia.com\/es\/wp-json\/wp\/v2\/product\/29254\/revisions"}],"predecessor-version":[{"id":29566,"href":"https:\/\/gomeseagonia.com\/es\/wp-json\/wp\/v2\/product\/29254\/revisions\/29566"}],"wp:featuredmedia":[{"embeddable":true,"href":"https:\/\/gomeseagonia.com\/es\/wp-json\/wp\/v2\/media\/28842"}],"wp:attachment":[{"href":"https:\/\/gomeseagonia.com\/es\/wp-json\/wp\/v2\/media?parent=29254"}],"wp:term":[{"taxonomy":"product_brand","embeddable":true,"href":"https:\/\/gomeseagonia.com\/es\/wp-json\/wp\/v2\/product_brand?post=29254"},{"taxonomy":"product_cat","embeddable":true,"href":"https:\/\/gomeseagonia.com\/es\/wp-json\/wp\/v2\/product_cat?post=29254"},{"taxonomy":"product_tag","embeddable":true,"href":"https:\/\/gomeseagonia.com\/es\/wp-json\/wp\/v2\/product_tag?post=29254"}],"curies":[{"name":"wp","href":"https:\/\/api.w.org\/{rel}","templated":true}]}}