{"id":29252,"date":"2025-06-12T15:34:38","date_gmt":"2025-06-12T15:34:38","guid":{"rendered":"https:\/\/gomeseagonia.com\/product\/pro-breed-max-bird\/"},"modified":"2025-07-13T21:58:31","modified_gmt":"2025-07-13T21:58:31","slug":"pro-breed-max-bird","status":"publish","type":"product","link":"https:\/\/gomeseagonia.com\/es\/producto\/pro-breed-max-bird\/","title":{"rendered":"PRO BREED MAX BIRD"},"content":{"rendered":"<p><strong>Belgavet Pro-Breed Max Bird. Prote\u00ednas, minerales y vitaminas de alta calidad para la reproducci\u00f3n.<\/strong><\/p>\n<p class=\"p1\">Una composici\u00f3n de prote\u00ednas, vitaminas, minerales y amino\u00e1cidos esenciales que incluye los elementos b\u00e1sicos m\u00e1s importantes para el crecimiento, la flora intestinal ideal, la digesti\u00f3n y un plumaje bonito.<\/p>\n<p><strong>INDICACIONES:<\/strong><\/p>\n<ul>\n<li>Suplemento alimenticio de alta calidad compuesto por prote\u00ednas, minerales y vitaminas.<\/li>\n<li>Muy beneficioso para el crecimiento de las aves j\u00f3venes.<\/li>\n<li>Favorece una buena digesti\u00f3n y una flora intestinal \u00f3ptima.<\/li>\n<li>Contribuye al desarrollo de un plumaje bonito.<\/li>\n<li>Favorece la formaci\u00f3n del esqueleto.<\/li>\n<li>Estimula el crecimiento.<\/li>\n<\/ul>\n<p><strong>COMPOSICI\u00d3N:<\/strong><\/p>\n<ul>\n<li>Prote\u00ednas<\/li>\n<li>Vitaminas<\/li>\n<li>Minerales<\/li>\n<li>Amino\u00e1cidos<\/li>\n<\/ul>\n<p><strong>MODO DE USO:<\/strong><\/p>\n<ul>\n<li>Fuera de la temporada de cr\u00eda: 2 veces por semana, 10 g por 100 g de pasta de huevo.<\/li>\n<li>Durante la temporada de cr\u00eda: diariamente, 10 g por 100 g de pasta de huevo.<\/li>\n<\/ul>\n<p><strong>ENVASE:<\/strong><\/p>\n<ul>\n<li>150 g o 400 g<\/li>\n<\/ul>\n","protected":false},"excerpt":{"rendered":"<p>Belgavet Pro-Breed Max Bird. Prote\u00ednas, minerales y vitaminas de alta calidad para la reproducci\u00f3n.<\/p>\n","protected":false},"featured_media":28844,"comment_status":"open","ping_status":"closed","template":"","meta":[],"product_brand":[75],"product_cat":[349,305,309,377,341,347,373,383],"product_tag":[393,399,409],"class_list":{"0":"post-29252","1":"product","2":"type-product","3":"status-publish","4":"has-post-thumbnail","6":"product_brand-belgavet","7":"product_cat-apoyo-durante-la-muda","8":"product_cat-cria-y-desarrollo","9":"product_cat-fertilidad-y-crecimiento","10":"product_cat-flora-intestinal-y-digestion","11":"product_cat-muda-y-condicion-del-plumaje","12":"product_cat-salud-del-plumaje","13":"product_cat-salud-general","14":"product_cat-vitaminas-y-minerales","15":"product_tag-con-aminoacidos","16":"product_tag-con-minerales","17":"product_tag-con-vitaminas","18":"product_shipping_class-hasta-1-kg","19":"pa_peso-150g-es","20":"pa_peso-400g-es","22":"first","23":"outofstock","24":"taxable","25":"shipping-taxable","26":"product-type-simple"},"_links":{"self":[{"href":"https:\/\/gomeseagonia.com\/es\/wp-json\/wp\/v2\/product\/29252","targetHints":{"allow":["GET"]}}],"collection":[{"href":"https:\/\/gomeseagonia.com\/es\/wp-json\/wp\/v2\/product"}],"about":[{"href":"https:\/\/gomeseagonia.com\/es\/wp-json\/wp\/v2\/types\/product"}],"replies":[{"embeddable":true,"href":"https:\/\/gomeseagonia.com\/es\/wp-json\/wp\/v2\/comments?post=29252"}],"version-history":[{"count":1,"href":"https:\/\/gomeseagonia.com\/es\/wp-json\/wp\/v2\/product\/29252\/revisions"}],"predecessor-version":[{"id":29567,"href":"https:\/\/gomeseagonia.com\/es\/wp-json\/wp\/v2\/product\/29252\/revisions\/29567"}],"wp:featuredmedia":[{"embeddable":true,"href":"https:\/\/gomeseagonia.com\/es\/wp-json\/wp\/v2\/media\/28844"}],"wp:attachment":[{"href":"https:\/\/gomeseagonia.com\/es\/wp-json\/wp\/v2\/media?parent=29252"}],"wp:term":[{"taxonomy":"product_brand","embeddable":true,"href":"https:\/\/gomeseagonia.com\/es\/wp-json\/wp\/v2\/product_brand?post=29252"},{"taxonomy":"product_cat","embeddable":true,"href":"https:\/\/gomeseagonia.com\/es\/wp-json\/wp\/v2\/product_cat?post=29252"},{"taxonomy":"product_tag","embeddable":true,"href":"https:\/\/gomeseagonia.com\/es\/wp-json\/wp\/v2\/product_tag?post=29252"}],"curies":[{"name":"wp","href":"https:\/\/api.w.org\/{rel}","templated":true}]}}