{"id":29247,"date":"2025-06-03T22:33:13","date_gmt":"2025-06-03T22:33:13","guid":{"rendered":"https:\/\/gomeseagonia.com\/product\/proponey-royal-bvp\/"},"modified":"2025-07-26T18:59:33","modified_gmt":"2025-07-26T18:59:33","slug":"proponey-royal-bvp","status":"publish","type":"product","link":"https:\/\/gomeseagonia.com\/es\/producto\/proponey-royal-bvp\/","title":{"rendered":"PROPONEY ROYAL BVP"},"content":{"rendered":"<p><strong>Belgavet Proponey-Royal. Aumenta la fuerza y la resistencia.<\/strong><\/p>\n<p>Pr\u00f3polis (20%), miel y jalea real. Rico en vitaminas, minerales y az\u00facares simples. Favorece una muda saludable, facilita la digesti\u00f3n, aporta energ\u00eda y refuerza la inmunidad en aves j\u00f3venes.<\/p>\n<p><strong>INDICACIONES:<\/strong><\/p>\n<ul>\n<li>Tiene efecto antibacteriano.<\/li>\n<li>Especialmente eficaz para la competici\u00f3n y la cr\u00eda.<\/li>\n<li>Aumenta la fuerza y la resistencia al estr\u00e9s.<\/li>\n<\/ul>\n<p><strong>COMPOSICI\u00d3N:<\/strong><\/p>\n<ul>\n<li>Pr\u00f3polis (20%)<\/li>\n<li>Miel de acacia (70%)<\/li>\n<li>Jalea real (10%)<\/li>\n<\/ul>\n<p><strong>MODO DE USO:<\/strong><\/p>\n<p>15 ml de PROPONEY-ROYAL por 1 kg de mezcla de granos.<\/p>\n<p><strong>ENVASE:<\/strong><\/p>\n<ul>\n<li>Frasco de 150ml<\/li>\n<\/ul>\n","protected":false},"excerpt":{"rendered":"<p>Belgavet Proponey-Royal. Aumenta la fuerza y la resistencia.<\/p>\n","protected":false},"featured_media":28848,"comment_status":"open","ping_status":"closed","template":"","meta":[],"product_brand":[75],"product_cat":[379,373],"product_tag":[403],"class_list":{"0":"post-29247","1":"product","2":"type-product","3":"status-publish","4":"has-post-thumbnail","6":"product_brand-belgavet","7":"product_cat-refuerzo-inmunologico","8":"product_cat-salud-general","9":"product_tag-with-propolis-es","10":"product_shipping_class-hasta-1-kg","12":"first","13":"instock","14":"taxable","15":"shipping-taxable","16":"purchasable","17":"product-type-simple"},"_links":{"self":[{"href":"https:\/\/gomeseagonia.com\/es\/wp-json\/wp\/v2\/product\/29247","targetHints":{"allow":["GET"]}}],"collection":[{"href":"https:\/\/gomeseagonia.com\/es\/wp-json\/wp\/v2\/product"}],"about":[{"href":"https:\/\/gomeseagonia.com\/es\/wp-json\/wp\/v2\/types\/product"}],"replies":[{"embeddable":true,"href":"https:\/\/gomeseagonia.com\/es\/wp-json\/wp\/v2\/comments?post=29247"}],"version-history":[{"count":2,"href":"https:\/\/gomeseagonia.com\/es\/wp-json\/wp\/v2\/product\/29247\/revisions"}],"predecessor-version":[{"id":29683,"href":"https:\/\/gomeseagonia.com\/es\/wp-json\/wp\/v2\/product\/29247\/revisions\/29683"}],"wp:featuredmedia":[{"embeddable":true,"href":"https:\/\/gomeseagonia.com\/es\/wp-json\/wp\/v2\/media\/28848"}],"wp:attachment":[{"href":"https:\/\/gomeseagonia.com\/es\/wp-json\/wp\/v2\/media?parent=29247"}],"wp:term":[{"taxonomy":"product_brand","embeddable":true,"href":"https:\/\/gomeseagonia.com\/es\/wp-json\/wp\/v2\/product_brand?post=29247"},{"taxonomy":"product_cat","embeddable":true,"href":"https:\/\/gomeseagonia.com\/es\/wp-json\/wp\/v2\/product_cat?post=29247"},{"taxonomy":"product_tag","embeddable":true,"href":"https:\/\/gomeseagonia.com\/es\/wp-json\/wp\/v2\/product_tag?post=29247"}],"curies":[{"name":"wp","href":"https:\/\/api.w.org\/{rel}","templated":true}]}}