{"id":29241,"date":"2025-06-03T20:53:14","date_gmt":"2025-06-03T20:53:14","guid":{"rendered":"https:\/\/gomeseagonia.com\/product\/protein-boost-bvp\/"},"modified":"2025-07-13T21:59:12","modified_gmt":"2025-07-13T21:59:12","slug":"protein-boost-bvp","status":"publish","type":"product","link":"https:\/\/gomeseagonia.com\/es\/producto\/protein-boost-bvp\/","title":{"rendered":"PROTEIN BOOST BVP"},"content":{"rendered":"<p><strong>Belgavet Protein Boost. Prote\u00ednas para una Recuperaci\u00f3n R\u00e1pida.<\/strong><\/p>\n<p>Refuerzo de prote\u00ednas. Garantiza una r\u00e1pida recuperaci\u00f3n de las c\u00e9lulas musculares da\u00f1adas tras el vuelo y ayuda a la reconstrucci\u00f3n muscular. Contiene cetonas para m\u00e1s energ\u00eda.<\/p>\n<p><strong>INDICACIONES:<\/strong><\/p>\n<ul>\n<li>Prote\u00ednas de alta calidad, ideales para una recuperaci\u00f3n r\u00e1pida despu\u00e9s del concurso.<\/li>\n<li>Recupera r\u00e1pidamente las c\u00e9lulas musculares tras el vuelo y favorece la reconstrucci\u00f3n muscular.<\/li>\n<li>Contiene cetonas para un impulso energ\u00e9tico adicional.<\/li>\n<li>Optimiza la preparaci\u00f3n para el pr\u00f3ximo concurso.<\/li>\n<\/ul>\n<p><strong>MODO DE USO:<\/strong><\/p>\n<ul>\n<li>2 d\u00edas antes del enceste, 1 comprimido por paloma, directamente en el pico.<\/li>\n<\/ul>\n<p><strong>ENVASE:<\/strong><\/p>\n<ul>\n<li>250 comprimidos<\/li>\n<\/ul>\n","protected":false},"excerpt":{"rendered":"<p>Belgavet Protein Boost. Prote\u00ednas para una Recuperaci\u00f3n R\u00e1pida.<\/p>\n","protected":false},"featured_media":28850,"comment_status":"open","ping_status":"closed","template":"","meta":[],"product_brand":[75],"product_cat":[331,327],"product_tag":[459,437],"class_list":{"0":"post-29241","1":"product","2":"type-product","3":"status-publish","4":"has-post-thumbnail","6":"product_brand-belgavet","7":"product_cat-estimulante-muscular-y-proteico","8":"product_cat-rendimiento-y-energia","9":"product_tag-apoyo-muscular","10":"product_tag-producto-en-pastillas","12":"first","13":"instock","14":"taxable","15":"shipping-taxable","16":"purchasable","17":"product-type-simple"},"_links":{"self":[{"href":"https:\/\/gomeseagonia.com\/es\/wp-json\/wp\/v2\/product\/29241","targetHints":{"allow":["GET"]}}],"collection":[{"href":"https:\/\/gomeseagonia.com\/es\/wp-json\/wp\/v2\/product"}],"about":[{"href":"https:\/\/gomeseagonia.com\/es\/wp-json\/wp\/v2\/types\/product"}],"replies":[{"embeddable":true,"href":"https:\/\/gomeseagonia.com\/es\/wp-json\/wp\/v2\/comments?post=29241"}],"version-history":[{"count":1,"href":"https:\/\/gomeseagonia.com\/es\/wp-json\/wp\/v2\/product\/29241\/revisions"}],"predecessor-version":[{"id":29250,"href":"https:\/\/gomeseagonia.com\/es\/wp-json\/wp\/v2\/product\/29241\/revisions\/29250"}],"wp:featuredmedia":[{"embeddable":true,"href":"https:\/\/gomeseagonia.com\/es\/wp-json\/wp\/v2\/media\/28850"}],"wp:attachment":[{"href":"https:\/\/gomeseagonia.com\/es\/wp-json\/wp\/v2\/media?parent=29241"}],"wp:term":[{"taxonomy":"product_brand","embeddable":true,"href":"https:\/\/gomeseagonia.com\/es\/wp-json\/wp\/v2\/product_brand?post=29241"},{"taxonomy":"product_cat","embeddable":true,"href":"https:\/\/gomeseagonia.com\/es\/wp-json\/wp\/v2\/product_cat?post=29241"},{"taxonomy":"product_tag","embeddable":true,"href":"https:\/\/gomeseagonia.com\/es\/wp-json\/wp\/v2\/product_tag?post=29241"}],"curies":[{"name":"wp","href":"https:\/\/api.w.org\/{rel}","templated":true}]}}