{"id":29234,"date":"2025-06-02T20:26:52","date_gmt":"2025-06-02T20:26:52","guid":{"rendered":"https:\/\/gomeseagonia.com\/product\/sitrici-bvp\/"},"modified":"2025-07-26T19:01:59","modified_gmt":"2025-07-26T19:01:59","slug":"sitrici-bvp","status":"publish","type":"product","link":"https:\/\/gomeseagonia.com\/es\/producto\/sitrici-bvp\/","title":{"rendered":"SITRICI BVP"},"content":{"rendered":"<p><strong>Belgavet Sitrici BVP. <\/strong>Producto 100% natural a base de extractos de plantas, con propiedades muy beneficiosas para el cuidado y regeneraci\u00f3n de la flora intestinal en palomas y aves.<\/p>\n<p>&nbsp;<\/p>\n<p><strong>T\u00d3NICO PARA UNA MEJOR INMUNIDAD.<\/strong><br \/>\nGracias a la adici\u00f3n de extracto natural de semillas de c\u00edtricos, or\u00e9gano y alcachofa, Sitrici BVP mantiene a tus palomas alejadas de problemas como bacterias, hongos y par\u00e1sitos.<\/p>\n<p>Con Sitrici BVP, tus palomas y programas de cr\u00eda se mantienen en condiciones \u00f3ptimas durante todo el a\u00f1o. Tambi\u00e9n es perfecto para mejorar las heces.<\/p>\n<p><strong>INDICACIONES:<\/strong><\/p>\n<ul>\n<li>Regenera la flora intestinal.<\/li>\n<li>Ayuda a prevenir infecciones.<\/li>\n<li>Evita niveles altos de tricomoniasis.<\/li>\n<li>Aumenta la resistencia f\u00edsica.<\/li>\n<li>Desinfecta el agua.<\/li>\n<\/ul>\n<p><strong>MODO DE USO:<\/strong><\/p>\n<ul>\n<li>Agitar antes de usar.<\/li>\n<li><strong>PASO 1:<\/strong> Aseg\u00farese primero de que sus palomas est\u00e9n libres de Tricomonas.<br \/>\n<strong>PASO 2:<\/strong> 3 veces por semana \u2013 5 ml por 1 L de agua o 10 ml por 1 kg de grano.<\/li>\n<\/ul>\n<p><strong>ENVASE:<\/strong><\/p>\n<ul>\n<li>Botella de 500 ml<\/li>\n<\/ul>\n","protected":false},"excerpt":{"rendered":"<p>Belgavet Sitrici BVP. Producto 100% natural a base de extractos de plantas, con propiedades muy beneficiosas para el cuidado y regeneraci\u00f3n de la flora intestinal en palomas y aves.<\/p>\n","protected":false},"featured_media":28856,"comment_status":"open","ping_status":"closed","template":"","meta":[],"product_brand":[75],"product_cat":[343,321,341,333,379,327,373],"product_tag":[384,413,441,449,453,455],"class_list":{"0":"post-29234","1":"product","2":"type-product","3":"status-publish","4":"has-post-thumbnail","6":"product_brand-belgavet","7":"product_cat-desintoxicacion-y-limpieza","8":"product_cat-estimulante-respiratorio-natural","9":"product_cat-muda-y-condicion-del-plumaje","10":"product_cat-preparacion-previa-a-la-carrera","11":"product_cat-refuerzo-inmunologico","12":"product_cat-rendimiento-y-energia","13":"product_cat-salud-general","14":"product_tag-100-natural-es","15":"product_tag-condicion-general","16":"product_tag-pre-carrera","17":"product_tag-refuerzo-inmunologico","18":"product_tag-sin-antibioticos","19":"product_tag-soluble-en-agua","20":"product_shipping_class-hasta-1-kg","22":"first","23":"instock","24":"taxable","25":"shipping-taxable","26":"purchasable","27":"product-type-simple"},"_links":{"self":[{"href":"https:\/\/gomeseagonia.com\/es\/wp-json\/wp\/v2\/product\/29234","targetHints":{"allow":["GET"]}}],"collection":[{"href":"https:\/\/gomeseagonia.com\/es\/wp-json\/wp\/v2\/product"}],"about":[{"href":"https:\/\/gomeseagonia.com\/es\/wp-json\/wp\/v2\/types\/product"}],"replies":[{"embeddable":true,"href":"https:\/\/gomeseagonia.com\/es\/wp-json\/wp\/v2\/comments?post=29234"}],"version-history":[{"count":2,"href":"https:\/\/gomeseagonia.com\/es\/wp-json\/wp\/v2\/product\/29234\/revisions"}],"predecessor-version":[{"id":29685,"href":"https:\/\/gomeseagonia.com\/es\/wp-json\/wp\/v2\/product\/29234\/revisions\/29685"}],"wp:featuredmedia":[{"embeddable":true,"href":"https:\/\/gomeseagonia.com\/es\/wp-json\/wp\/v2\/media\/28856"}],"wp:attachment":[{"href":"https:\/\/gomeseagonia.com\/es\/wp-json\/wp\/v2\/media?parent=29234"}],"wp:term":[{"taxonomy":"product_brand","embeddable":true,"href":"https:\/\/gomeseagonia.com\/es\/wp-json\/wp\/v2\/product_brand?post=29234"},{"taxonomy":"product_cat","embeddable":true,"href":"https:\/\/gomeseagonia.com\/es\/wp-json\/wp\/v2\/product_cat?post=29234"},{"taxonomy":"product_tag","embeddable":true,"href":"https:\/\/gomeseagonia.com\/es\/wp-json\/wp\/v2\/product_tag?post=29234"}],"curies":[{"name":"wp","href":"https:\/\/api.w.org\/{rel}","templated":true}]}}