{"id":29184,"date":"2025-06-01T22:44:08","date_gmt":"2025-06-01T22:44:08","guid":{"rendered":"https:\/\/gomeseagonia.com\/product\/29184\/"},"modified":"2025-07-26T18:58:04","modified_gmt":"2025-07-26T18:58:04","slug":"29184","status":"publish","type":"product","link":"https:\/\/gomeseagonia.com\/es\/producto\/29184\/","title":{"rendered":"THEE BVP"},"content":{"rendered":"<p><strong>Belgavet Thee. T\u00e9 purificante de calidad superior para palomas.<\/strong><\/p>\n<p>T\u00e9 a base de 20 plantas y hierbas. THEE BVP puede administrarse durante todo el a\u00f1o. Ayuda a aumentar la resistencia, favorece la digesti\u00f3n y la ca\u00edda del plum\u00f3n.<\/p>\n<p><strong>INDICACIONES:<\/strong><\/p>\n<ul>\n<li>T\u00e9 depurativo, compuesto por m\u00e1s de 20 plantas y hierbas.<\/li>\n<li>Puede administrarse durante todo el a\u00f1o.<\/li>\n<li>Aumenta la resistencia.<\/li>\n<li>Muy beneficioso para la digesti\u00f3n.<\/li>\n<li>Fundamental durante la muda.<\/li>\n<li>100% hierbas y plantas naturales.<\/li>\n<\/ul>\n<p><strong>MODO DE USO:<\/strong><\/p>\n<ol>\n<li>Utilizar una peque\u00f1a cantidad de agua hirviendo.<\/li>\n<li>Hacer una infusi\u00f3n de 15 minutos con 15 g de Thee BVP.<\/li>\n<li>Colar las plantas.<\/li>\n<li>A\u00f1adir agua fr\u00eda hasta 1 litro.<\/li>\n<\/ol>\n<p><strong>Competici\u00f3n:<\/strong> 2 a 3 veces por semana<br \/>\n<strong>Muda:<\/strong> tratamiento de 10 d\u00edas<br \/>\n<strong>Cr\u00eda:<\/strong> 1 a 2 veces por semana.<\/p>\n<p>&nbsp;<\/p>\n<p><strong>ENVASE:<\/strong><\/p>\n<ul>\n<li>200 g<\/li>\n<\/ul>\n","protected":false},"excerpt":{"rendered":"<p>Belgavet Thee. T\u00e9 purificante de calidad superior para palomas.<\/p>\n","protected":false},"featured_media":28862,"comment_status":"open","ping_status":"closed","template":"","meta":[],"product_brand":[75],"product_cat":[353,343,345,341,351,383],"product_tag":[387,409,421,427,429,439,455],"class_list":{"0":"post-29184","1":"product","2":"type-product","3":"status-publish","4":"has-post-thumbnail","6":"product_brand-belgavet","7":"product_cat-alimentos-naturales-y-plantas","8":"product_cat-desintoxicacion-y-limpieza","9":"product_cat-mezclas-naturales-y-de-hierbas","10":"product_cat-muda-y-condicion-del-plumaje","11":"product_cat-nutricion-complementaria","12":"product_cat-vitaminas-y-minerales","13":"product_tag-antiestres","14":"product_tag-con-vitaminas","15":"product_tag-herbal-es","16":"product_tag-mezcla-para-granos","17":"product_tag-muda-es","18":"product_tag-producto-en-polvo","19":"product_tag-soluble-en-agua","20":"pa_peso-200g-es","22":"first","23":"outofstock","24":"taxable","25":"shipping-taxable","26":"purchasable","27":"product-type-simple"},"_links":{"self":[{"href":"https:\/\/gomeseagonia.com\/es\/wp-json\/wp\/v2\/product\/29184","targetHints":{"allow":["GET"]}}],"collection":[{"href":"https:\/\/gomeseagonia.com\/es\/wp-json\/wp\/v2\/product"}],"about":[{"href":"https:\/\/gomeseagonia.com\/es\/wp-json\/wp\/v2\/types\/product"}],"replies":[{"embeddable":true,"href":"https:\/\/gomeseagonia.com\/es\/wp-json\/wp\/v2\/comments?post=29184"}],"version-history":[{"count":1,"href":"https:\/\/gomeseagonia.com\/es\/wp-json\/wp\/v2\/product\/29184\/revisions"}],"predecessor-version":[{"id":29227,"href":"https:\/\/gomeseagonia.com\/es\/wp-json\/wp\/v2\/product\/29184\/revisions\/29227"}],"wp:featuredmedia":[{"embeddable":true,"href":"https:\/\/gomeseagonia.com\/es\/wp-json\/wp\/v2\/media\/28862"}],"wp:attachment":[{"href":"https:\/\/gomeseagonia.com\/es\/wp-json\/wp\/v2\/media?parent=29184"}],"wp:term":[{"taxonomy":"product_brand","embeddable":true,"href":"https:\/\/gomeseagonia.com\/es\/wp-json\/wp\/v2\/product_brand?post=29184"},{"taxonomy":"product_cat","embeddable":true,"href":"https:\/\/gomeseagonia.com\/es\/wp-json\/wp\/v2\/product_cat?post=29184"},{"taxonomy":"product_tag","embeddable":true,"href":"https:\/\/gomeseagonia.com\/es\/wp-json\/wp\/v2\/product_tag?post=29184"}],"curies":[{"name":"wp","href":"https:\/\/api.w.org\/{rel}","templated":true}]}}