{"id":29182,"date":"2025-06-01T22:25:10","date_gmt":"2025-06-01T22:25:10","guid":{"rendered":"https:\/\/gomeseagonia.com\/product\/29182\/"},"modified":"2025-07-13T20:20:04","modified_gmt":"2025-07-13T20:20:04","slug":"29182","status":"publish","type":"product","link":"https:\/\/gomeseagonia.com\/es\/producto\/29182\/","title":{"rendered":"TOTAL RECOVERY BVP"},"content":{"rendered":"<p><strong>Belgavet Total Recovery. Para una recuperaci\u00f3n completa despu\u00e9s de los vuelos.<\/strong><\/p>\n<p>&nbsp;<\/p>\n<p>Para una recuperaci\u00f3n \u00f3ptima y r\u00e1pida despu\u00e9s de los entrenamientos y competiciones.<\/p>\n<p>TOTAL RECOVERY contiene las cantidades adecuadas de amino\u00e1cidos, vitaminas, antioxidantes y minerales necesarios para el desarrollo muscular.<\/p>\n<p>El concentrado de prote\u00ednas de suero asegura una alta s\u00edntesis proteica.<\/p>\n<p><strong>INDICACIONES:<\/strong><\/p>\n<ul>\n<li>Asegura una recuperaci\u00f3n perfecta tras los vuelos<\/li>\n<li>100% natural<\/li>\n<li>Rico en amino\u00e1cidos, vitaminas, antioxidantes y minerales<\/li>\n<li>Evita problemas musculares y fatiga<\/li>\n<li>Maximiza la s\u00edntesis de prote\u00ednas<\/li>\n<\/ul>\n<p><strong>MODO DE USO:<\/strong><\/p>\n<ul>\n<li>1 c\u00e1psula directamente en el pico al regresar del entrenamiento o competici\u00f3n.<\/li>\n<li>1 o 2 d\u00edas seg\u00fan la dificultad del vuelo y la recuperaci\u00f3n de la paloma.<\/li>\n<\/ul>\n<p><strong>ENVASE:<\/strong><\/p>\n<ul>\n<li>Frasco de 250 c\u00e1psulas<\/li>\n<\/ul>\n","protected":false},"excerpt":{"rendered":"<p>Belgavet Total Recovery. Para una recuperaci\u00f3n completa despu\u00e9s de los vuelos.<\/p>\n","protected":false},"featured_media":28864,"comment_status":"open","ping_status":"closed","template":"","meta":[],"product_brand":[75],"product_cat":[335,327],"product_tag":[443,435,445,447],"class_list":{"0":"post-29182","1":"product","2":"type-product","3":"status-publish","4":"has-post-thumbnail","6":"product_brand-belgavet","7":"product_cat-recuperacion-post-carrera","8":"product_cat-rendimiento-y-energia","9":"product_tag-post-carrera","10":"product_tag-producto-en-capsulas","11":"product_tag-recuperacion","12":"product_tag-recuperacion-fisica","13":"product_shipping_class-hasta-1-kg","15":"first","16":"instock","17":"taxable","18":"shipping-taxable","19":"purchasable","20":"product-type-simple"},"_links":{"self":[{"href":"https:\/\/gomeseagonia.com\/es\/wp-json\/wp\/v2\/product\/29182","targetHints":{"allow":["GET"]}}],"collection":[{"href":"https:\/\/gomeseagonia.com\/es\/wp-json\/wp\/v2\/product"}],"about":[{"href":"https:\/\/gomeseagonia.com\/es\/wp-json\/wp\/v2\/types\/product"}],"replies":[{"embeddable":true,"href":"https:\/\/gomeseagonia.com\/es\/wp-json\/wp\/v2\/comments?post=29182"}],"version-history":[{"count":1,"href":"https:\/\/gomeseagonia.com\/es\/wp-json\/wp\/v2\/product\/29182\/revisions"}],"predecessor-version":[{"id":29225,"href":"https:\/\/gomeseagonia.com\/es\/wp-json\/wp\/v2\/product\/29182\/revisions\/29225"}],"wp:featuredmedia":[{"embeddable":true,"href":"https:\/\/gomeseagonia.com\/es\/wp-json\/wp\/v2\/media\/28864"}],"wp:attachment":[{"href":"https:\/\/gomeseagonia.com\/es\/wp-json\/wp\/v2\/media?parent=29182"}],"wp:term":[{"taxonomy":"product_brand","embeddable":true,"href":"https:\/\/gomeseagonia.com\/es\/wp-json\/wp\/v2\/product_brand?post=29182"},{"taxonomy":"product_cat","embeddable":true,"href":"https:\/\/gomeseagonia.com\/es\/wp-json\/wp\/v2\/product_cat?post=29182"},{"taxonomy":"product_tag","embeddable":true,"href":"https:\/\/gomeseagonia.com\/es\/wp-json\/wp\/v2\/product_tag?post=29182"}],"curies":[{"name":"wp","href":"https:\/\/api.w.org\/{rel}","templated":true}]}}