{"id":29180,"date":"2025-06-01T22:15:50","date_gmt":"2025-06-01T22:15:50","guid":{"rendered":"https:\/\/gomeseagonia.com\/product\/29180\/"},"modified":"2025-07-13T20:19:28","modified_gmt":"2025-07-13T20:19:28","slug":"29180","status":"publish","type":"product","link":"https:\/\/gomeseagonia.com\/es\/producto\/29180\/","title":{"rendered":"TWISTER 10 OILS BIRD BVP"},"content":{"rendered":"<p><strong>Belgavet Twister 10 Oils Bird. Mezcla de 10 aceites naturales para aves.<\/strong><\/p>\n<p class=\"p1\">Complejo equilibrado de aceites naturales con acci\u00f3n antiinflamatoria natural para mantener a las aves saludables.<\/p>\n<p class=\"p1\">Contiene 10 tipos diferentes de aceites, como aceite de linaza, aceite de almendras, aceite de aguacate, aceite de germen de trigo, aceite de borraja, aceite de nuez, aceite de ricino, aceite de girasol, aceite de s\u00e9samo y aceite de soja; que se complementan perfectamente y garantizan un equilibrio ideal entre los \u00e1cidos grasos omega 3-6-9.<\/p>\n<p>&nbsp;<\/p>\n<p><strong>INDICACIONES:<\/strong><\/p>\n<ul>\n<li>Excelente aporte de energ\u00eda para el cuerpo.<\/li>\n<li>Muy beneficioso para el coraz\u00f3n.<\/li>\n<li>Promueve la circulaci\u00f3n sangu\u00ednea que se traduce en un aumento del rendimiento f\u00edsico.<\/li>\n<li>Deja el plumaje sedoso y flexible.<\/li>\n<\/ul>\n<p><strong>MODO DE USO:<\/strong><\/p>\n<ul>\n<li>Mezclar 15 ml del producto por cada kilogramo de alimento.<\/li>\n<\/ul>\n<p><strong>ENVASE:<\/strong><\/p>\n<ul>\n<li>Frasco de 250 ml<\/li>\n<\/ul>\n<p>&nbsp;<\/p>\n","protected":false},"excerpt":{"rendered":"<p>Belgavet Twister 10 Oils Bird. Mezcla de 10 aceites naturales para aves.<\/p>\n","protected":false},"featured_media":28866,"comment_status":"open","ping_status":"closed","template":"","meta":[],"product_brand":[75],"product_cat":[357,351,327,337],"product_tag":[411,433],"class_list":{"0":"post-29180","1":"product","2":"type-product","3":"status-publish","4":"has-post-thumbnail","6":"product_brand-belgavet","7":"product_cat-aceites-naturales","8":"product_cat-nutricion-complementaria","9":"product_cat-rendimiento-y-energia","10":"product_cat-suplementos-para-el-vuelo","11":"product_tag-con-aceites-esenciales","12":"product_tag-producto-liquido","13":"product_shipping_class-hasta-1-kg","15":"first","16":"outofstock","17":"taxable","18":"shipping-taxable","19":"purchasable","20":"product-type-simple"},"_links":{"self":[{"href":"https:\/\/gomeseagonia.com\/es\/wp-json\/wp\/v2\/product\/29180","targetHints":{"allow":["GET"]}}],"collection":[{"href":"https:\/\/gomeseagonia.com\/es\/wp-json\/wp\/v2\/product"}],"about":[{"href":"https:\/\/gomeseagonia.com\/es\/wp-json\/wp\/v2\/types\/product"}],"replies":[{"embeddable":true,"href":"https:\/\/gomeseagonia.com\/es\/wp-json\/wp\/v2\/comments?post=29180"}],"version-history":[{"count":1,"href":"https:\/\/gomeseagonia.com\/es\/wp-json\/wp\/v2\/product\/29180\/revisions"}],"predecessor-version":[{"id":29223,"href":"https:\/\/gomeseagonia.com\/es\/wp-json\/wp\/v2\/product\/29180\/revisions\/29223"}],"wp:featuredmedia":[{"embeddable":true,"href":"https:\/\/gomeseagonia.com\/es\/wp-json\/wp\/v2\/media\/28866"}],"wp:attachment":[{"href":"https:\/\/gomeseagonia.com\/es\/wp-json\/wp\/v2\/media?parent=29180"}],"wp:term":[{"taxonomy":"product_brand","embeddable":true,"href":"https:\/\/gomeseagonia.com\/es\/wp-json\/wp\/v2\/product_brand?post=29180"},{"taxonomy":"product_cat","embeddable":true,"href":"https:\/\/gomeseagonia.com\/es\/wp-json\/wp\/v2\/product_cat?post=29180"},{"taxonomy":"product_tag","embeddable":true,"href":"https:\/\/gomeseagonia.com\/es\/wp-json\/wp\/v2\/product_tag?post=29180"}],"curies":[{"name":"wp","href":"https:\/\/api.w.org\/{rel}","templated":true}]}}