{"id":29178,"date":"2025-06-01T22:00:49","date_gmt":"2025-06-01T22:00:49","guid":{"rendered":"https:\/\/gomeseagonia.com\/product\/29178\/"},"modified":"2025-07-26T18:54:00","modified_gmt":"2025-07-26T18:54:00","slug":"29178","status":"publish","type":"product","link":"https:\/\/gomeseagonia.com\/es\/producto\/29178\/","title":{"rendered":"TWISTER OLIE BVP"},"content":{"rendered":"<p><strong>Belgavet Twister Oil. Mezcla de aceites naturales para palomas y aves.<\/strong><\/p>\n<p><strong>OMEGA 3-6-9<\/strong><\/p>\n<p>Contenido muy alto de \u00e1cidos grasos poliinsaturados (65%). M\u00e1ximo 1% de grasas saturadas (colesterol).<\/p>\n<p>Ayuda a promover una circulaci\u00f3n sangu\u00ednea ideal.<\/p>\n<p>&nbsp;<\/p>\n<p><strong>INDICACIONES:<\/strong><\/p>\n<ul>\n<li>Excelente aporte de energ\u00eda para el cuerpo.<\/li>\n<li>Muy bueno para el coraz\u00f3n.<\/li>\n<li>Promueve la circulaci\u00f3n sangu\u00ednea, resultando en un aumento del rendimiento f\u00edsico.<\/li>\n<li>Deja el plumaje sedoso y flexible.<\/li>\n<\/ul>\n<p><b>MODO DE USO:<\/b><\/p>\n<ul>\n<li>15 ml por 1 kg de granos<\/li>\n<li>Secar con 15 g de Joost Mix BVP<\/li>\n<\/ul>\n<p><strong>ENVASE:<\/strong><\/p>\n<ul>\n<li>Frasco de 500 ml<\/li>\n<\/ul>\n","protected":false},"excerpt":{"rendered":"<p>Belgavet Twister Oil. Mezcla de aceites naturales para palomas y aves.<\/p>\n","protected":false},"featured_media":28868,"comment_status":"open","ping_status":"closed","template":"","meta":[],"product_brand":[75],"product_cat":[357,351,327,337],"product_tag":[411,433],"class_list":{"0":"post-29178","1":"product","2":"type-product","3":"status-publish","4":"has-post-thumbnail","6":"product_brand-belgavet","7":"product_cat-aceites-naturales","8":"product_cat-nutricion-complementaria","9":"product_cat-rendimiento-y-energia","10":"product_cat-suplementos-para-el-vuelo","11":"product_tag-con-aceites-esenciales","12":"product_tag-producto-liquido","13":"product_shipping_class-hasta-1-kg","15":"first","16":"instock","17":"taxable","18":"shipping-taxable","19":"purchasable","20":"product-type-simple"},"_links":{"self":[{"href":"https:\/\/gomeseagonia.com\/es\/wp-json\/wp\/v2\/product\/29178","targetHints":{"allow":["GET"]}}],"collection":[{"href":"https:\/\/gomeseagonia.com\/es\/wp-json\/wp\/v2\/product"}],"about":[{"href":"https:\/\/gomeseagonia.com\/es\/wp-json\/wp\/v2\/types\/product"}],"replies":[{"embeddable":true,"href":"https:\/\/gomeseagonia.com\/es\/wp-json\/wp\/v2\/comments?post=29178"}],"version-history":[{"count":2,"href":"https:\/\/gomeseagonia.com\/es\/wp-json\/wp\/v2\/product\/29178\/revisions"}],"predecessor-version":[{"id":29677,"href":"https:\/\/gomeseagonia.com\/es\/wp-json\/wp\/v2\/product\/29178\/revisions\/29677"}],"wp:featuredmedia":[{"embeddable":true,"href":"https:\/\/gomeseagonia.com\/es\/wp-json\/wp\/v2\/media\/28868"}],"wp:attachment":[{"href":"https:\/\/gomeseagonia.com\/es\/wp-json\/wp\/v2\/media?parent=29178"}],"wp:term":[{"taxonomy":"product_brand","embeddable":true,"href":"https:\/\/gomeseagonia.com\/es\/wp-json\/wp\/v2\/product_brand?post=29178"},{"taxonomy":"product_cat","embeddable":true,"href":"https:\/\/gomeseagonia.com\/es\/wp-json\/wp\/v2\/product_cat?post=29178"},{"taxonomy":"product_tag","embeddable":true,"href":"https:\/\/gomeseagonia.com\/es\/wp-json\/wp\/v2\/product_tag?post=29178"}],"curies":[{"name":"wp","href":"https:\/\/api.w.org\/{rel}","templated":true}]}}