{"id":29172,"date":"2025-06-01T17:13:52","date_gmt":"2025-06-01T17:13:52","guid":{"rendered":"https:\/\/gomeseagonia.com\/product\/29172\/"},"modified":"2025-07-13T20:00:31","modified_gmt":"2025-07-13T20:00:31","slug":"29172","status":"publish","type":"product","link":"https:\/\/gomeseagonia.com\/es\/producto\/29172\/","title":{"rendered":"VITA BREED BIRD BVP"},"content":{"rendered":"<p><strong>Belgavet Vita Breed Bird 250ml. Vitamina t\u00f3nica especial para la reproducci\u00f3n.<\/strong><\/p>\n<p>&nbsp;<\/p>\n<p>INDICACIONES:<strong><br \/>\n<\/strong><\/p>\n<ul>\n<li>Composici\u00f3n \u00fanica de vitaminas y amino\u00e1cidos, con adici\u00f3n de selenio como \u201crefuerzo de la inmunidad\u201d, para promover el crecimiento saludable de aves j\u00f3venes.<\/li>\n<li>Enriquecido con vitamina E y selenio.<\/li>\n<\/ul>\n<p>&nbsp;<\/p>\n<p>MODO DE USO:<\/p>\n<ul>\n<li>15 ml por 1 litro de agua o 10 ml por 1 kg de semillas, 3 d\u00edas por semana.<\/li>\n<\/ul>\n<p>&nbsp;<\/p>\n<p>ENVASE:<\/p>\n<ul>\n<li>Frascos de 1 y 5 litros<\/li>\n<\/ul>\n","protected":false},"excerpt":{"rendered":"<p>Belgavet Vita Breed Bird 250ml. Vitamina t\u00f3nica especial para la reproducci\u00f3n.<\/p>\n","protected":false},"featured_media":28874,"comment_status":"open","ping_status":"closed","template":"","meta":[],"product_brand":[75],"product_cat":[379,373,383],"product_tag":[461,409,413],"class_list":{"0":"post-29172","1":"product","2":"type-product","3":"status-publish","4":"has-post-thumbnail","6":"product_brand-belgavet","7":"product_cat-refuerzo-inmunologico","8":"product_cat-salud-general","9":"product_cat-vitaminas-y-minerales","10":"product_tag-apoyo-a-la-fertilidad","11":"product_tag-con-vitaminas","12":"product_tag-condicion-general","13":"product_shipping_class-hasta-1-kg","15":"first","16":"outofstock","17":"taxable","18":"shipping-taxable","19":"purchasable","20":"product-type-simple"},"_links":{"self":[{"href":"https:\/\/gomeseagonia.com\/es\/wp-json\/wp\/v2\/product\/29172","targetHints":{"allow":["GET"]}}],"collection":[{"href":"https:\/\/gomeseagonia.com\/es\/wp-json\/wp\/v2\/product"}],"about":[{"href":"https:\/\/gomeseagonia.com\/es\/wp-json\/wp\/v2\/types\/product"}],"replies":[{"embeddable":true,"href":"https:\/\/gomeseagonia.com\/es\/wp-json\/wp\/v2\/comments?post=29172"}],"version-history":[{"count":1,"href":"https:\/\/gomeseagonia.com\/es\/wp-json\/wp\/v2\/product\/29172\/revisions"}],"predecessor-version":[{"id":29215,"href":"https:\/\/gomeseagonia.com\/es\/wp-json\/wp\/v2\/product\/29172\/revisions\/29215"}],"wp:featuredmedia":[{"embeddable":true,"href":"https:\/\/gomeseagonia.com\/es\/wp-json\/wp\/v2\/media\/28874"}],"wp:attachment":[{"href":"https:\/\/gomeseagonia.com\/es\/wp-json\/wp\/v2\/media?parent=29172"}],"wp:term":[{"taxonomy":"product_brand","embeddable":true,"href":"https:\/\/gomeseagonia.com\/es\/wp-json\/wp\/v2\/product_brand?post=29172"},{"taxonomy":"product_cat","embeddable":true,"href":"https:\/\/gomeseagonia.com\/es\/wp-json\/wp\/v2\/product_cat?post=29172"},{"taxonomy":"product_tag","embeddable":true,"href":"https:\/\/gomeseagonia.com\/es\/wp-json\/wp\/v2\/product_tag?post=29172"}],"curies":[{"name":"wp","href":"https:\/\/api.w.org\/{rel}","templated":true}]}}