{"id":29160,"date":"2025-05-24T02:15:14","date_gmt":"2025-05-24T02:15:14","guid":{"rendered":"https:\/\/gomeseagonia.com\/product\/29160\/"},"modified":"2025-07-13T18:31:58","modified_gmt":"2025-07-13T18:31:58","slug":"29160","status":"publish","type":"product","link":"https:\/\/gomeseagonia.com\/es\/producto\/29160\/","title":{"rendered":"VITA PEKA BVP"},"content":{"rendered":"<p><strong>Belgavet Vita-Peka. Un complejo multivitam\u00ednico altamente concentrado y eficaz, especialmente dise\u00f1ado para palomas mensajeras.<\/strong><\/p>\n<p>&nbsp;<\/p>\n<p>Complejo vitam\u00ednico compuesto por una mezcla \u00fanica de nutrientes que ayudan a conseguir una buena condici\u00f3n f\u00edsica y un buen desarrollo del animal.<\/p>\n<p><strong>INDICACIONES:<\/strong><\/p>\n<ul>\n<li>Multivitam\u00ednico concentrado para palomas.<\/li>\n<li>Altamente recomendado durante la muda, la cr\u00eda, la temporada de campeonatos y despu\u00e9s de la vacunaci\u00f3n y tratamientos con antibi\u00f3ticos.<\/li>\n<\/ul>\n<p>&nbsp;<\/p>\n<p><strong>MODO DE USO:<\/strong><\/p>\n<ul>\n<li>Tres veces por semana.<\/li>\n<li>15 ml por 1 L de agua o 15 ml por 1 kg de grano.<\/li>\n<\/ul>\n<p><strong>ENVASE:<\/strong><\/p>\n<ul>\n<li>Frasco de 1L<\/li>\n<\/ul>\n","protected":false},"excerpt":{"rendered":"<p>Belgavet Vita-Peka. Un complejo multivitam\u00ednico altamente concentrado y eficaz, especialmente dise\u00f1ado para palomas mensajeras.<\/p>\n","protected":false},"featured_media":28880,"comment_status":"open","ping_status":"closed","template":"","meta":[],"product_brand":[75],"product_cat":[305,307,373,383],"product_tag":[461,409],"class_list":{"0":"post-29160","1":"product","2":"type-product","3":"status-publish","4":"has-post-thumbnail","6":"product_brand-belgavet","7":"product_cat-cria-y-desarrollo","8":"product_cat-cria-y-reproduccion","9":"product_cat-salud-general","10":"product_cat-vitaminas-y-minerales","11":"product_tag-apoyo-a-la-fertilidad","12":"product_tag-con-vitaminas","13":"product_shipping_class-1-2kg-es","15":"first","16":"instock","17":"taxable","18":"shipping-taxable","19":"purchasable","20":"product-type-simple"},"_links":{"self":[{"href":"https:\/\/gomeseagonia.com\/es\/wp-json\/wp\/v2\/product\/29160","targetHints":{"allow":["GET"]}}],"collection":[{"href":"https:\/\/gomeseagonia.com\/es\/wp-json\/wp\/v2\/product"}],"about":[{"href":"https:\/\/gomeseagonia.com\/es\/wp-json\/wp\/v2\/types\/product"}],"replies":[{"embeddable":true,"href":"https:\/\/gomeseagonia.com\/es\/wp-json\/wp\/v2\/comments?post=29160"}],"version-history":[{"count":1,"href":"https:\/\/gomeseagonia.com\/es\/wp-json\/wp\/v2\/product\/29160\/revisions"}],"predecessor-version":[{"id":29207,"href":"https:\/\/gomeseagonia.com\/es\/wp-json\/wp\/v2\/product\/29160\/revisions\/29207"}],"wp:featuredmedia":[{"embeddable":true,"href":"https:\/\/gomeseagonia.com\/es\/wp-json\/wp\/v2\/media\/28880"}],"wp:attachment":[{"href":"https:\/\/gomeseagonia.com\/es\/wp-json\/wp\/v2\/media?parent=29160"}],"wp:term":[{"taxonomy":"product_brand","embeddable":true,"href":"https:\/\/gomeseagonia.com\/es\/wp-json\/wp\/v2\/product_brand?post=29160"},{"taxonomy":"product_cat","embeddable":true,"href":"https:\/\/gomeseagonia.com\/es\/wp-json\/wp\/v2\/product_cat?post=29160"},{"taxonomy":"product_tag","embeddable":true,"href":"https:\/\/gomeseagonia.com\/es\/wp-json\/wp\/v2\/product_tag?post=29160"}],"curies":[{"name":"wp","href":"https:\/\/api.w.org\/{rel}","templated":true}]}}