{"id":29157,"date":"2025-05-24T02:04:46","date_gmt":"2025-05-24T02:04:46","guid":{"rendered":"https:\/\/gomeseagonia.com\/product\/29157\/"},"modified":"2025-07-26T18:44:44","modified_gmt":"2025-07-26T18:44:44","slug":"29157","status":"publish","type":"product","link":"https:\/\/gomeseagonia.com\/es\/producto\/29157\/","title":{"rendered":"VITES FORMPILS BVP"},"content":{"rendered":"<p><strong>Belgavet Vites Formpils BVP. Un comprimido estimulante 100% natural para palomas.<\/strong><\/p>\n<p>Estos comprimidos est\u00e1n compuestos por amino\u00e1cidos y granos naturales.<\/p>\n<p>Un comprimido estimulante 100% natural para palomas. Estos comprimidos est\u00e1n compuestos por amino\u00e1cidos y granos naturales.<\/p>\n<p>&nbsp;<\/p>\n<p><strong>INDICACIONES:<\/strong><\/p>\n<ul>\n<li>Proporciona energ\u00eda adicional.<\/li>\n<li>Ayuda en la recuperaci\u00f3n despu\u00e9s de las competiciones.<\/li>\n<li>Mejora el rendimiento de las palomas y apoya su salud.<\/li>\n<li>100% natural<\/li>\n<\/ul>\n<p>&nbsp;<\/p>\n<p><strong>MODO DE USO:<\/strong><\/p>\n<ul>\n<li><strong>Velocidad:<\/strong> el \u00faltimo d\u00eda antes del enceste y al regreso, 1 comprimido por paloma al d\u00eda.<\/li>\n<li><strong>Media y larga distancia:<\/strong> los \u00faltimos 2 d\u00edas antes del enceste y al regreso, 1 comprimido por paloma al d\u00eda.<\/li>\n<\/ul>\n<p>&nbsp;<\/p>\n<p><strong>ENVASE:<\/strong><\/p>\n<ul>\n<li>250 comprimidos<\/li>\n<\/ul>\n<p>&nbsp;<\/p>\n","protected":false},"excerpt":{"rendered":"<p>Belgavet Vites Formpils BVP. Un comprimido estimulante 100% natural para palomas.<\/p>\n","protected":false},"featured_media":28882,"comment_status":"open","ping_status":"closed","template":"","meta":[],"product_brand":[75],"product_cat":[335,327,373],"product_tag":[384,447],"class_list":{"0":"post-29157","1":"product","2":"type-product","3":"status-publish","4":"has-post-thumbnail","6":"product_brand-belgavet","7":"product_cat-recuperacion-post-carrera","8":"product_cat-rendimiento-y-energia","9":"product_cat-salud-general","10":"product_tag-100-natural-es","11":"product_tag-recuperacion-fisica","12":"product_shipping_class-hasta-1-kg","14":"first","15":"outofstock","16":"taxable","17":"shipping-taxable","18":"purchasable","19":"product-type-simple"},"_links":{"self":[{"href":"https:\/\/gomeseagonia.com\/es\/wp-json\/wp\/v2\/product\/29157","targetHints":{"allow":["GET"]}}],"collection":[{"href":"https:\/\/gomeseagonia.com\/es\/wp-json\/wp\/v2\/product"}],"about":[{"href":"https:\/\/gomeseagonia.com\/es\/wp-json\/wp\/v2\/types\/product"}],"replies":[{"embeddable":true,"href":"https:\/\/gomeseagonia.com\/es\/wp-json\/wp\/v2\/comments?post=29157"}],"version-history":[{"count":2,"href":"https:\/\/gomeseagonia.com\/es\/wp-json\/wp\/v2\/product\/29157\/revisions"}],"predecessor-version":[{"id":29205,"href":"https:\/\/gomeseagonia.com\/es\/wp-json\/wp\/v2\/product\/29157\/revisions\/29205"}],"wp:featuredmedia":[{"embeddable":true,"href":"https:\/\/gomeseagonia.com\/es\/wp-json\/wp\/v2\/media\/28882"}],"wp:attachment":[{"href":"https:\/\/gomeseagonia.com\/es\/wp-json\/wp\/v2\/media?parent=29157"}],"wp:term":[{"taxonomy":"product_brand","embeddable":true,"href":"https:\/\/gomeseagonia.com\/es\/wp-json\/wp\/v2\/product_brand?post=29157"},{"taxonomy":"product_cat","embeddable":true,"href":"https:\/\/gomeseagonia.com\/es\/wp-json\/wp\/v2\/product_cat?post=29157"},{"taxonomy":"product_tag","embeddable":true,"href":"https:\/\/gomeseagonia.com\/es\/wp-json\/wp\/v2\/product_tag?post=29157"}],"curies":[{"name":"wp","href":"https:\/\/api.w.org\/{rel}","templated":true}]}}