{"id":29099,"date":"2025-05-24T00:02:57","date_gmt":"2025-05-24T00:02:57","guid":{"rendered":"https:\/\/gomeseagonia.com\/product\/29099\/"},"modified":"2025-07-13T18:25:32","modified_gmt":"2025-07-13T18:25:32","slug":"29099","status":"publish","type":"product","link":"https:\/\/gomeseagonia.com\/es\/producto\/29099\/","title":{"rendered":"WONDER ELIXIR BVP"},"content":{"rendered":"<p><strong>Belgavet Wonder Elixir. La soluci\u00f3n total para la salud de sus palomas.<\/strong><\/p>\n<p><\/p>\n<p><strong>INDICACIONES:<\/strong><\/p>\n<ul>\n<li>\n<p class=\"p1\">Elixir t\u00f3nico beneficioso a base de \u00e1cidos org\u00e1nicos, amino\u00e1cidos, electrolitos, complejo de vitaminas B, antioxidantes, L-Lisina y hierbas medicinales.<\/p>\n<\/li>\n<li>\n<p class=\"p1\">Mejora la vitalidad y el rendimiento en vuelo de las palomas mensajeras.<\/p>\n<\/li>\n<li>\n<p class=\"p1\">Contribuye al buen funcionamiento del sistema inmunol\u00f3gico.<\/p>\n<\/li>\n<li>\n<p class=\"p1\">Aumenta la resistencia al estr\u00e9s durante el transporte, entrenamientos y competiciones.<\/p>\n<\/li>\n<li>\n<p class=\"p1\">Ayuda a mantener y proteger una flora intestinal sana y equilibrada.<\/p>\n<\/li>\n<li>\n<p class=\"p1\">Refuerza significativamente la resistencia general.<\/p>\n<\/li>\n<li>\n<p class=\"p1\">Regula y estimula el metabolismo.<\/p>\n<\/li>\n<li>\n<p class=\"p1\">Fortalece las defensas naturales, reduciendo el riesgo de infecciones.<\/p>\n<\/li>\n<li>\n<p class=\"p1\">Tiene efectos muy positivos sobre la fertilidad.<\/p>\n<\/li>\n<\/ul>\n<p><\/p>\n<p><b>MODO DE USO:<\/b><\/p>\n<ul>\n<li>\n<p class=\"p1\">Puede utilizarse durante todo el a\u00f1o: en la cr\u00eda, competiciones, muda y despu\u00e9s de tratamientos antibi\u00f3ticos o vacunaci\u00f3n.<\/p>\n<\/li>\n<li>\n<p class=\"p1\"><span class=\"s1\">Administrar <\/span>5 ml por 2 litros de agua<span class=\"s1\">, <\/span>de 3 a 5 d\u00edas por semana<span class=\"s1\">.<\/span><\/p>\n<\/li>\n<\/ul>\n<p><\/p>\n<p><b>ENVASE:<\/b><\/p>\n<ul>\n<li>\n<p class=\"p1\">500 ml<\/p>\n<\/li>\n<\/ul>\n<p>&nbsp;<\/p>\n","protected":false},"excerpt":{"rendered":"<p>Belgavet Wonder Elixir. La soluci\u00f3n total para la salud de sus palomas.<\/p>\n","protected":false},"featured_media":28888,"comment_status":"open","ping_status":"closed","template":"","meta":[],"product_brand":[75],"product_cat":[345,341,379,373],"product_tag":[384,413,421,433,449],"class_list":{"0":"post-29099","1":"product","2":"type-product","3":"status-publish","4":"has-post-thumbnail","6":"product_brand-belgavet","7":"product_cat-mezclas-naturales-y-de-hierbas","8":"product_cat-muda-y-condicion-del-plumaje","9":"product_cat-refuerzo-inmunologico","10":"product_cat-salud-general","11":"product_tag-100-natural-es","12":"product_tag-condicion-general","13":"product_tag-herbal-es","14":"product_tag-producto-liquido","15":"product_tag-refuerzo-inmunologico","16":"product_shipping_class-hasta-1-kg","18":"first","19":"instock","20":"taxable","21":"shipping-taxable","22":"purchasable","23":"product-type-simple"},"_links":{"self":[{"href":"https:\/\/gomeseagonia.com\/es\/wp-json\/wp\/v2\/product\/29099","targetHints":{"allow":["GET"]}}],"collection":[{"href":"https:\/\/gomeseagonia.com\/es\/wp-json\/wp\/v2\/product"}],"about":[{"href":"https:\/\/gomeseagonia.com\/es\/wp-json\/wp\/v2\/types\/product"}],"replies":[{"embeddable":true,"href":"https:\/\/gomeseagonia.com\/es\/wp-json\/wp\/v2\/comments?post=29099"}],"version-history":[{"count":3,"href":"https:\/\/gomeseagonia.com\/es\/wp-json\/wp\/v2\/product\/29099\/revisions"}],"predecessor-version":[{"id":29420,"href":"https:\/\/gomeseagonia.com\/es\/wp-json\/wp\/v2\/product\/29099\/revisions\/29420"}],"wp:featuredmedia":[{"embeddable":true,"href":"https:\/\/gomeseagonia.com\/es\/wp-json\/wp\/v2\/media\/28888"}],"wp:attachment":[{"href":"https:\/\/gomeseagonia.com\/es\/wp-json\/wp\/v2\/media?parent=29099"}],"wp:term":[{"taxonomy":"product_brand","embeddable":true,"href":"https:\/\/gomeseagonia.com\/es\/wp-json\/wp\/v2\/product_brand?post=29099"},{"taxonomy":"product_cat","embeddable":true,"href":"https:\/\/gomeseagonia.com\/es\/wp-json\/wp\/v2\/product_cat?post=29099"},{"taxonomy":"product_tag","embeddable":true,"href":"https:\/\/gomeseagonia.com\/es\/wp-json\/wp\/v2\/product_tag?post=29099"}],"curies":[{"name":"wp","href":"https:\/\/api.w.org\/{rel}","templated":true}]}}