{"id":29093,"date":"2025-05-23T23:14:32","date_gmt":"2025-05-23T23:14:32","guid":{"rendered":"https:\/\/gomeseagonia.com\/product\/29093\/"},"modified":"2025-07-26T18:42:34","modified_gmt":"2025-07-26T18:42:34","slug":"29093","status":"publish","type":"product","link":"https:\/\/gomeseagonia.com\/es\/producto\/29093\/","title":{"rendered":"BALNEO BIRD"},"content":{"rendered":"<p><strong>BelgaVet Balneo Bird.<\/strong> <span class=\"s1\"><b>Sales de ba\u00f1o l\u00edquidas \u00fanicas<\/b><\/span> <strong>con plantas y hierbas medicinales que apoyan el sistema respiratorio.<\/strong><\/p>\n<p>Proporciona plumas sedosas, m\u00fasculos flexibles y una hermosa capa de plum\u00f3n.<\/p>\n<p>&nbsp;<\/p>\n<p><strong>INDICACIONES:<\/strong><\/p>\n<ul>\n<li>Para obtener plumas limpias, sedosas y flexibles.<\/li>\n<li>Limpia el plumaje.<\/li>\n<li>Favorece la ca\u00edda de plumas viejas.<\/li>\n<li>Contiene plantas y hierbas medicinales muy beneficiosas para el tracto respiratorio.<\/li>\n<li>Promueve la relajaci\u00f3n y el descanso.<\/li>\n<li>Estimula la circulaci\u00f3n sangu\u00ednea.<\/li>\n<\/ul>\n<p>&nbsp;<\/p>\n<p><strong>MODO DE USO:<\/strong><\/p>\n<p>Agitar antes de usar.<b><\/b><\/p>\n<ul>\n<li class=\"p2\">5 ml por 1 litro de agua del ba\u00f1o, 2 veces por semana.<\/li>\n<li class=\"p2\">Tambi\u00e9n indicado durante exposiciones.<\/li>\n<li class=\"p2\">Renovar siempre el agua del ba\u00f1o.<\/li>\n<\/ul>\n<p>&nbsp;<\/p>\n<p><strong>ENVASE:<\/strong><\/p>\n<ul>\n<li>250 ml<\/li>\n<\/ul>\n","protected":false},"excerpt":{"rendered":"<p>BelgaVet Balneo Bird. <span class=\"s1\">Sales de ba\u00f1o l\u00edquidas \u00fanicas<\/span> con plantas y hierbas medicinales que apoyan el sistema respiratorio.<\/p>\n<p>Proporciona plumas sedosas, m\u00fasculos flexibles y una hermosa capa de plum\u00f3n.<\/p>\n","protected":false},"featured_media":28894,"comment_status":"open","ping_status":"closed","template":"","meta":[],"product_brand":[75],"product_cat":[319,315],"product_tag":[387],"class_list":{"0":"post-29093","1":"product","2":"type-product","3":"status-publish","4":"has-post-thumbnail","6":"product_brand-belgavet","7":"product_cat-banos-y-aceites-para-pluma","8":"product_cat-cuidado-e-higiene","9":"product_tag-antiestres","10":"product_shipping_class-hasta-1-kg","12":"first","13":"outofstock","14":"taxable","15":"shipping-taxable","16":"purchasable","17":"product-type-simple"},"_links":{"self":[{"href":"https:\/\/gomeseagonia.com\/es\/wp-json\/wp\/v2\/product\/29093","targetHints":{"allow":["GET"]}}],"collection":[{"href":"https:\/\/gomeseagonia.com\/es\/wp-json\/wp\/v2\/product"}],"about":[{"href":"https:\/\/gomeseagonia.com\/es\/wp-json\/wp\/v2\/types\/product"}],"replies":[{"embeddable":true,"href":"https:\/\/gomeseagonia.com\/es\/wp-json\/wp\/v2\/comments?post=29093"}],"version-history":[{"count":2,"href":"https:\/\/gomeseagonia.com\/es\/wp-json\/wp\/v2\/product\/29093\/revisions"}],"predecessor-version":[{"id":29667,"href":"https:\/\/gomeseagonia.com\/es\/wp-json\/wp\/v2\/product\/29093\/revisions\/29667"}],"wp:featuredmedia":[{"embeddable":true,"href":"https:\/\/gomeseagonia.com\/es\/wp-json\/wp\/v2\/media\/28894"}],"wp:attachment":[{"href":"https:\/\/gomeseagonia.com\/es\/wp-json\/wp\/v2\/media?parent=29093"}],"wp:term":[{"taxonomy":"product_brand","embeddable":true,"href":"https:\/\/gomeseagonia.com\/es\/wp-json\/wp\/v2\/product_brand?post=29093"},{"taxonomy":"product_cat","embeddable":true,"href":"https:\/\/gomeseagonia.com\/es\/wp-json\/wp\/v2\/product_cat?post=29093"},{"taxonomy":"product_tag","embeddable":true,"href":"https:\/\/gomeseagonia.com\/es\/wp-json\/wp\/v2\/product_tag?post=29093"}],"curies":[{"name":"wp","href":"https:\/\/api.w.org\/{rel}","templated":true}]}}