{"id":29091,"date":"2025-05-23T22:56:35","date_gmt":"2025-05-23T22:56:35","guid":{"rendered":"https:\/\/gomeseagonia.com\/product\/29091\/"},"modified":"2025-07-26T18:41:46","modified_gmt":"2025-07-26T18:41:46","slug":"29091","status":"publish","type":"product","link":"https:\/\/gomeseagonia.com\/es\/producto\/29091\/","title":{"rendered":"BALNEO BVP"},"content":{"rendered":"<p><strong>Belgavet Balneo. Sales de ba\u00f1o l\u00edquidas con un alto nivel de minerales, oligoelementos y aceites esenciales. Para palomas y aves.<\/strong><\/p>\n<p>&nbsp;<\/p>\n<p><strong>INSTRUCCIONES:<\/strong><\/p>\n<ul>\n<li>Para plumas limpias, sedosas y flexibles.<\/li>\n<li>Favorece la muda.<\/li>\n<li>Elimina la caspa de las patas y la piel.<\/li>\n<li>Proporciona relajaci\u00f3n y descanso.<\/li>\n<li>Garantiza una buena salud de sus palomas y aves durante todo el a\u00f1o.<\/li>\n<li>Estimula el sistema inmunol\u00f3gico y promueve la salud respiratoria.<\/li>\n<li>Favorece la circulaci\u00f3n sangu\u00ednea.<\/li>\n<li>Tiene un efecto beneficioso sobre los m\u00fasculos y el sistema nervioso.<\/li>\n<\/ul>\n<p><b>MODO DE EMPLEO:<\/b><\/p>\n<ul>\n<li>Palomas: 20 ml por 10 litros de agua, 1 ba\u00f1o por semana, dos veces por semana durante el periodo de muda.<\/li>\n<li>Aves: 5 ml por 2,5 L de agua, 1 a 2 ba\u00f1os por semana, especialmente un d\u00eda antes de una exposici\u00f3n.<\/li>\n<\/ul>\n<p>&nbsp;<\/p>\n<p><strong>ENVASE:<\/strong><\/p>\n<ul>\n<li>Botella de 1L<\/li>\n<\/ul>\n","protected":false},"excerpt":{"rendered":"<p>Belgavet Balneo. Sales de ba\u00f1o l\u00edquidas con un alto nivel de minerales, oligoelementos y aceites esenciales. Para palomas y aves.<\/p>\n","protected":false},"featured_media":28896,"comment_status":"open","ping_status":"closed","template":"","meta":[],"product_brand":[75],"product_cat":[319,315],"product_tag":[387],"class_list":{"0":"post-29091","1":"product","2":"type-product","3":"status-publish","4":"has-post-thumbnail","6":"product_brand-belgavet","7":"product_cat-banos-y-aceites-para-pluma","8":"product_cat-cuidado-e-higiene","9":"product_tag-antiestres","10":"product_shipping_class-1-2kg-es","12":"first","13":"instock","14":"taxable","15":"shipping-taxable","16":"purchasable","17":"product-type-simple"},"_links":{"self":[{"href":"https:\/\/gomeseagonia.com\/es\/wp-json\/wp\/v2\/product\/29091","targetHints":{"allow":["GET"]}}],"collection":[{"href":"https:\/\/gomeseagonia.com\/es\/wp-json\/wp\/v2\/product"}],"about":[{"href":"https:\/\/gomeseagonia.com\/es\/wp-json\/wp\/v2\/types\/product"}],"replies":[{"embeddable":true,"href":"https:\/\/gomeseagonia.com\/es\/wp-json\/wp\/v2\/comments?post=29091"}],"version-history":[{"count":2,"href":"https:\/\/gomeseagonia.com\/es\/wp-json\/wp\/v2\/product\/29091\/revisions"}],"predecessor-version":[{"id":29665,"href":"https:\/\/gomeseagonia.com\/es\/wp-json\/wp\/v2\/product\/29091\/revisions\/29665"}],"wp:featuredmedia":[{"embeddable":true,"href":"https:\/\/gomeseagonia.com\/es\/wp-json\/wp\/v2\/media\/28896"}],"wp:attachment":[{"href":"https:\/\/gomeseagonia.com\/es\/wp-json\/wp\/v2\/media?parent=29091"}],"wp:term":[{"taxonomy":"product_brand","embeddable":true,"href":"https:\/\/gomeseagonia.com\/es\/wp-json\/wp\/v2\/product_brand?post=29091"},{"taxonomy":"product_cat","embeddable":true,"href":"https:\/\/gomeseagonia.com\/es\/wp-json\/wp\/v2\/product_cat?post=29091"},{"taxonomy":"product_tag","embeddable":true,"href":"https:\/\/gomeseagonia.com\/es\/wp-json\/wp\/v2\/product_tag?post=29091"}],"curies":[{"name":"wp","href":"https:\/\/api.w.org\/{rel}","templated":true}]}}