{"id":29407,"date":"2021-08-26T12:21:44","date_gmt":"2021-08-26T12:21:44","guid":{"rendered":"https:\/\/gomeseagonia.com\/compare\/"},"modified":"2025-07-13T15:35:27","modified_gmt":"2025-07-13T15:35:27","slug":"compare","status":"publish","type":"page","link":"https:\/\/gomeseagonia.com\/en\/compare\/","title":{"rendered":"Compare"},"content":{"rendered":"\t\t<div class=\"wd-empty-block wd-empty-compare\">\n\t\t\t<h2 class=\"wd-empty-block-title\">\n\t\t\t\tCompare list is empty.\t\t\t<\/h2>\n\t\t\t\t\t\t\t<p class=\"wd-empty-block-text\">\n\t\t\t\t\tNenhum produto adicionado \u00e0 lista de compara\u00e7\u00e3o. Deves adicionar alguns produtos para os poderes comparar.Podes encontrar muitos produtos interessantes na nossa p\u00e1gina \u201cProdutos\u201d.\t\t\t\t<\/p>\n\t\t\t\t\t\t<a class=\"button btn btn-accent wd-empty-block-btn\" href=\"https:\/\/gomeseagonia.com\/en\/\">\n\t\t\t\tReturn to shop\t\t\t<\/a>\n\t\t<\/div>\n\t\t\n","protected":false},"excerpt":{"rendered":"","protected":false},"author":1,"featured_media":0,"parent":0,"menu_order":0,"comment_status":"closed","ping_status":"closed","template":"","meta":{"footnotes":""},"class_list":["post-29407","page","type-page","status-publish","hentry"],"_links":{"self":[{"href":"https:\/\/gomeseagonia.com\/en\/wp-json\/wp\/v2\/pages\/29407","targetHints":{"allow":["GET"]}}],"collection":[{"href":"https:\/\/gomeseagonia.com\/en\/wp-json\/wp\/v2\/pages"}],"about":[{"href":"https:\/\/gomeseagonia.com\/en\/wp-json\/wp\/v2\/types\/page"}],"author":[{"embeddable":true,"href":"https:\/\/gomeseagonia.com\/en\/wp-json\/wp\/v2\/users\/1"}],"replies":[{"embeddable":true,"href":"https:\/\/gomeseagonia.com\/en\/wp-json\/wp\/v2\/comments?post=29407"}],"version-history":[{"count":1,"href":"https:\/\/gomeseagonia.com\/en\/wp-json\/wp\/v2\/pages\/29407\/revisions"}],"predecessor-version":[{"id":29408,"href":"https:\/\/gomeseagonia.com\/en\/wp-json\/wp\/v2\/pages\/29407\/revisions\/29408"}],"wp:attachment":[{"href":"https:\/\/gomeseagonia.com\/en\/wp-json\/wp\/v2\/media?parent=29407"}],"curies":[{"name":"wp","href":"https:\/\/api.w.org\/{rel}","templated":true}]}}